{"id":2346,"date":"2025-09-29T11:13:43","date_gmt":"2025-09-29T09:13:43","guid":{"rendered":"https:\/\/quindusgreens.com\/?page_id=2346"},"modified":"2026-03-11T10:33:37","modified_gmt":"2026-03-11T09:33:37","slug":"blog-bienestar-mascotas","status":"publish","type":"page","link":"https:\/\/quindusgreens.com\/en\/pet-wellness-blog\/","title":{"rendered":"Blog"},"content":{"rendered":"<div data-elementor-type=\"wp-page\" data-elementor-id=\"2346\" class=\"elementor elementor-2346\" data-elementor-post-type=\"page\">\n\t\t\t\t<div class=\"elementor-element elementor-element-59f1272 e-flex e-con-boxed e-con e-parent\" data-id=\"59f1272\" data-element_type=\"container\" data-e-type=\"container\">\n\t\t\t\t\t<div class=\"e-con-inner\">\n\t\t\t\t<div class=\"elementor-element elementor-element-6b8fde9 elementor-widget elementor-widget-heading\" data-id=\"6b8fde9\" data-element_type=\"widget\" data-e-type=\"widget\" data-widget_type=\"heading.default\">\n\t\t\t\t\t<h2 class=\"elementor-heading-title elementor-size-default\">Pet Wellness Blog<\/h2>\t\t\t\t<\/div>\n\t\t\t\t\t<\/div>\n\t\t\t\t<\/div>\n\t\t<div class=\"elementor-element elementor-element-5ea9184 e-flex e-con-boxed e-con e-parent\" data-id=\"5ea9184\" data-element_type=\"container\" data-e-type=\"container\">\n\t\t\t\t\t<div class=\"e-con-inner\">\n\t\t\t\t<div class=\"elementor-element elementor-element-9ef5e9a elementor-widget elementor-widget-pls-blog\" data-id=\"9ef5e9a\" data-element_type=\"widget\" data-e-type=\"widget\" data-widget_type=\"pls-blog.default\">\n\t\t\t\t<div class=\"elementor-widget-container\">\n\t\t\t\t\t<div id=\"section-84682\" class=\"pls-element pls-blog\">\n\t<div class=\"articles-list row blog-grid simple-grid read-more-link\">\n\n\n<article id=\"post-5800\" class=\"blog-post-loop  col-lg-6 col-md-6 col-12 post-5800 post type-post status-publish format-standard has-post-thumbnail hentry category-gatos\">\n\t\n\t<div class=\"entry-post\">\t\n\t<div class=\"entry-thumbnail-wrapper\">\n\t\t\n<div class=\"post-thumbnail\">\n\t<a href=\"https:\/\/quindusgreens.com\/en\/caida-pelo-gatos\/\" > <img fetchpriority=\"high\" decoding=\"async\" width=\"1952\" height=\"1302\" src=\"https:\/\/quindusgreens.com\/wp-content\/uploads\/2026\/03\/Diseno-sin-titulo-2026-03-11T100328.513.png\" class=\"attachment-full size-full wp-post-image\" alt=\"ca\u00edda de pelo en gatos portada\" srcset=\"https:\/\/quindusgreens.com\/wp-content\/uploads\/2026\/03\/Diseno-sin-titulo-2026-03-11T100328.513.png 1952w, https:\/\/quindusgreens.com\/wp-content\/uploads\/2026\/03\/Diseno-sin-titulo-2026-03-11T100328.513-1020x680.png 1020w, https:\/\/quindusgreens.com\/wp-content\/uploads\/2026\/03\/Diseno-sin-titulo-2026-03-11T100328.513-90x60.png 90w, https:\/\/quindusgreens.com\/wp-content\/uploads\/2026\/03\/Diseno-sin-titulo-2026-03-11T100328.513-480x320.png 480w, https:\/\/quindusgreens.com\/wp-content\/uploads\/2026\/03\/Diseno-sin-titulo-2026-03-11T100328.513-960x640.png 960w, https:\/\/quindusgreens.com\/wp-content\/uploads\/2026\/03\/Diseno-sin-titulo-2026-03-11T100328.513-768x512.png 768w, https:\/\/quindusgreens.com\/wp-content\/uploads\/2026\/03\/Diseno-sin-titulo-2026-03-11T100328.513-1536x1025.png 1536w, https:\/\/quindusgreens.com\/wp-content\/uploads\/2026\/03\/Diseno-sin-titulo-2026-03-11T100328.513-18x12.png 18w\" sizes=\"(max-width: 1952px) 100vw, 1952px\" \/><\/a>\n<\/div>\t<\/div>\n\t\n\t<div class=\"entry-content-wrapper\">\n\t\t\n<header class=\"entry-header\">\n\n\t<div class=\"entry-meta\">\n\t<div class=\"pls-meta-left\">\t\t\t\t\t\n\t\t\t\t\t<span class=\"posted-date\">\n\t\t\t\t\t\t<a href=\"https:\/\/quindusgreens.com\/en\/caida-pelo-gatos\/ \">Mar 11, 2026<\/a>\n\t\t\t\t\t<\/span>\t\t\n\t\t\t\t\t<span class=\"author-link vcard\">\n\t\t\t\t\t\tby\t\t\t\t\t\t<a href=\"https:\/\/quindusgreens.com\/en\/author\/adminquindus\/\" title=\"Posts by adminquindus\" rel=\"author\">adminquindus<\/a>\t\t\t\t\t<\/span> \n\t\t\t\t\t\t<\/div> \n\t<div class=\"pls-meta-right\">\t\t\t\t\t\t<span class=\"comments-count\">\n\t\t\t\t\t\t\t<a href=\"https:\/\/quindusgreens.com\/en\/caida-pelo-gatos\/#respond\">0<\/a>\t\t\t\t\t\t<\/span>\n\t\t\t\t\t<span class=\"post-view\">122<span class=\"post-meta-label\"> Views<\/span><\/span>\t<\/div>\t\t\n<\/div><h2 class=\"entry-title\"><a href=\"https:\/\/quindusgreens.com\/en\/caida-pelo-gatos\/\" rel=\"bookmark\">Hair loss in cats: how to prevent it and keep their coat shiny<\/a><\/h2>\t\n<\/header><!-- .entry-header -->\n<div class=\"entry-content\">\n\tIn this article, we'll tell you about the most common causes of hair loss in cats, what factors can affect their coat, and how to prevent it with proper care\u2026\t\n<\/div>\n<div class=\"entry-footer\">\n\t\n<p class=\"read-more-btn\">\n\t<a href=\"https:\/\/quindusgreens.com\/en\/caida-pelo-gatos\/\" class=\"more-link\">Read More <\/a>\n<\/p><\/div>\t<\/div>\n\t\n\t<\/div>\t\t\n<\/article>\n\n\n\n<article id=\"post-4764\" class=\"blog-post-loop  col-lg-6 col-md-6 col-12 post-4764 post type-post status-publish format-standard has-post-thumbnail hentry category-noticias-de-marca\">\n\t\n\t<div class=\"entry-post\">\t\n\t<div class=\"entry-thumbnail-wrapper\">\n\t\t\n<div class=\"post-thumbnail\">\n\t<a href=\"https:\/\/quindusgreens.com\/en\/quindus-greens-en-la-vanguardia\/\" > <img decoding=\"async\" width=\"1600\" height=\"1067\" src=\"https:\/\/quindusgreens.com\/wp-content\/uploads\/2026\/02\/Diseno-sin-titulo37.jpg\" class=\"attachment-full size-full wp-post-image\" alt=\"quindus en la vanguardia\" srcset=\"https:\/\/quindusgreens.com\/wp-content\/uploads\/2026\/02\/Diseno-sin-titulo37.jpg 1600w, https:\/\/quindusgreens.com\/wp-content\/uploads\/2026\/02\/Diseno-sin-titulo37-1020x680.jpg 1020w, https:\/\/quindusgreens.com\/wp-content\/uploads\/2026\/02\/Diseno-sin-titulo37-90x60.jpg 90w, https:\/\/quindusgreens.com\/wp-content\/uploads\/2026\/02\/Diseno-sin-titulo37-480x320.jpg 480w, https:\/\/quindusgreens.com\/wp-content\/uploads\/2026\/02\/Diseno-sin-titulo37-960x640.jpg 960w, https:\/\/quindusgreens.com\/wp-content\/uploads\/2026\/02\/Diseno-sin-titulo37-768x512.jpg 768w, https:\/\/quindusgreens.com\/wp-content\/uploads\/2026\/02\/Diseno-sin-titulo37-1536x1024.jpg 1536w, https:\/\/quindusgreens.com\/wp-content\/uploads\/2026\/02\/Diseno-sin-titulo37-18x12.jpg 18w\" sizes=\"(max-width: 1600px) 100vw, 1600px\" \/><\/a>\n<\/div>\t<\/div>\n\t\n\t<div class=\"entry-content-wrapper\">\n\t\t\n<header class=\"entry-header\">\n\n\t<div class=\"entry-meta\">\n\t<div class=\"pls-meta-left\">\t\t\t\t\t\n\t\t\t\t\t<span class=\"posted-date\">\n\t\t\t\t\t\t<a href=\"https:\/\/quindusgreens.com\/en\/quindus-greens-en-la-vanguardia\/ \">Feb 9, 2026<\/a>\n\t\t\t\t\t<\/span>\t\t\n\t\t\t\t\t<span class=\"author-link vcard\">\n\t\t\t\t\t\tby\t\t\t\t\t\t<a href=\"https:\/\/quindusgreens.com\/en\/author\/adminquindus\/\" title=\"Posts by adminquindus\" rel=\"author\">adminquindus<\/a>\t\t\t\t\t<\/span> \n\t\t\t\t\t\t<\/div> \n\t<div class=\"pls-meta-right\">\t\t\t\t\t\t<span class=\"comments-count\">\n\t\t\t\t\t\t\t<a href=\"https:\/\/quindusgreens.com\/en\/quindus-greens-en-la-vanguardia\/#respond\">0<\/a>\t\t\t\t\t\t<\/span>\n\t\t\t\t\t<span class=\"post-view\">377<span class=\"post-meta-label\"> Views<\/span><\/span>\t<\/div>\t\t\n<\/div><h2 class=\"entry-title\"><a href=\"https:\/\/quindusgreens.com\/en\/quindus-greens-en-la-vanguardia\/\" rel=\"bookmark\">Quindus Greens in La Vanguardia: quality, health, and a fresh perspective on animal care<\/a><\/h2>\t\n<\/header><!-- .entry-header -->\n<div class=\"entry-content\">\n\tMore and more families are looking for more than just a treat for their pets. La Vanguardia explains how Quindus Greens is responding to this new way of caring for them.\t\n<\/div>\n<div class=\"entry-footer\">\n\t\n<p class=\"read-more-btn\">\n\t<a href=\"https:\/\/quindusgreens.com\/en\/quindus-greens-en-la-vanguardia\/\" class=\"more-link\">Read More <\/a>\n<\/p><\/div>\t<\/div>\n\t\n\t<\/div>\t\t\n<\/article>\n\n\n\n<article id=\"post-4079\" class=\"blog-post-loop  col-lg-6 col-md-6 col-12 post-4079 post type-post status-publish format-standard has-post-thumbnail hentry category-gatos\">\n\t\n\t<div class=\"entry-post\">\t\n\t<div class=\"entry-thumbnail-wrapper\">\n\t\t\n<div class=\"post-thumbnail\">\n\t<a href=\"https:\/\/quindusgreens.com\/en\/energia-gatos\/\" > <img decoding=\"async\" width=\"1952\" height=\"1302\" src=\"https:\/\/quindusgreens.com\/wp-content\/uploads\/2025\/12\/tabby-cat-6788375-scaled-e1765794382666.jpg\" class=\"attachment-full size-full wp-post-image\" alt=\"portada falta de energ\u00eda en gatos\" srcset=\"https:\/\/quindusgreens.com\/wp-content\/uploads\/2025\/12\/tabby-cat-6788375-scaled-e1765794382666.jpg 1952w, https:\/\/quindusgreens.com\/wp-content\/uploads\/2025\/12\/tabby-cat-6788375-scaled-e1765794382666-1020x680.jpg 1020w, https:\/\/quindusgreens.com\/wp-content\/uploads\/2025\/12\/tabby-cat-6788375-scaled-e1765794382666-90x60.jpg 90w\" sizes=\"(max-width: 1952px) 100vw, 1952px\" \/><\/a>\n<\/div>\t<\/div>\n\t\n\t<div class=\"entry-content-wrapper\">\n\t\t\n<header class=\"entry-header\">\n\n\t<div class=\"entry-meta\">\n\t<div class=\"pls-meta-left\">\t\t\t\t\t\n\t\t\t\t\t<span class=\"posted-date\">\n\t\t\t\t\t\t<a href=\"https:\/\/quindusgreens.com\/en\/energia-gatos\/ \">Dec 15, 2025<\/a>\n\t\t\t\t\t<\/span>\t\t\n\t\t\t\t\t<span class=\"author-link vcard\">\n\t\t\t\t\t\tby\t\t\t\t\t\t<a href=\"https:\/\/quindusgreens.com\/en\/author\/adminquindus\/\" title=\"Posts by adminquindus\" rel=\"author\">adminquindus<\/a>\t\t\t\t\t<\/span> \n\t\t\t\t\t\t<\/div> \n\t<div class=\"pls-meta-right\">\t\t\t\t\t\t<span class=\"comments-count\">\n\t\t\t\t\t\t\t<a href=\"https:\/\/quindusgreens.com\/en\/energia-gatos\/#respond\">0<\/a>\t\t\t\t\t\t<\/span>\n\t\t\t\t\t<span class=\"post-view\">500<span class=\"post-meta-label\"> Views<\/span><\/span>\t<\/div>\t\t\n<\/div><h2 class=\"entry-title\"><a href=\"https:\/\/quindusgreens.com\/en\/energia-gatos\/\" rel=\"bookmark\">Does your cat sleep too much? Causes of low energy in cats<\/a><\/h2>\t\n<\/header><!-- .entry-header -->\n<div class=\"entry-content\">\n\tIn this blog, we tell you what the most common causes of low energy in cats are, what behaviors are normal and when you should pay attention, as well as how...\t\n<\/div>\n<div class=\"entry-footer\">\n\t\n<p class=\"read-more-btn\">\n\t<a href=\"https:\/\/quindusgreens.com\/en\/energia-gatos\/\" class=\"more-link\">Read More <\/a>\n<\/p><\/div>\t<\/div>\n\t\n\t<\/div>\t\t\n<\/article>\n\n\n\n<article id=\"post-2987\" class=\"blog-post-loop  col-lg-6 col-md-6 col-12 post-2987 post type-post status-publish format-standard has-post-thumbnail hentry category-perros\">\n\t\n\t<div class=\"entry-post\">\t\n\t<div class=\"entry-thumbnail-wrapper\">\n\t\t\n<div class=\"post-thumbnail\">\n\t<a href=\"https:\/\/quindusgreens.com\/en\/snacks-funcionales-perros\/\" > <img loading=\"lazy\" decoding=\"async\" width=\"1952\" height=\"1288\" src=\"https:\/\/quindusgreens.com\/wp-content\/uploads\/2025\/10\/perro-caprichoso.webp\" class=\"attachment-full size-full wp-post-image\" alt=\"\" srcset=\"https:\/\/quindusgreens.com\/wp-content\/uploads\/2025\/10\/perro-caprichoso.webp 1952w, https:\/\/quindusgreens.com\/wp-content\/uploads\/2025\/10\/perro-caprichoso-1020x673.webp 1020w, https:\/\/quindusgreens.com\/wp-content\/uploads\/2025\/10\/perro-caprichoso-90x59.webp 90w, https:\/\/quindusgreens.com\/wp-content\/uploads\/2025\/10\/perro-caprichoso-480x317.webp 480w, https:\/\/quindusgreens.com\/wp-content\/uploads\/2025\/10\/perro-caprichoso-960x633.webp 960w, https:\/\/quindusgreens.com\/wp-content\/uploads\/2025\/10\/perro-caprichoso-768x507.webp 768w, https:\/\/quindusgreens.com\/wp-content\/uploads\/2025\/10\/perro-caprichoso-1536x1014.webp 1536w\" sizes=\"(max-width: 1952px) 100vw, 1952px\" \/><\/a>\n<\/div>\t<\/div>\n\t\n\t<div class=\"entry-content-wrapper\">\n\t\t\n<header class=\"entry-header\">\n\n\t<div class=\"entry-meta\">\n\t<div class=\"pls-meta-left\">\t\t\t\t\t\n\t\t\t\t\t<span class=\"posted-date\">\n\t\t\t\t\t\t<a href=\"https:\/\/quindusgreens.com\/en\/snacks-funcionales-perros\/ \">Oct 9, 2025<\/a>\n\t\t\t\t\t<\/span>\t\t\n\t\t\t\t\t<span class=\"author-link vcard\">\n\t\t\t\t\t\tby\t\t\t\t\t\t<a href=\"https:\/\/quindusgreens.com\/en\/author\/adminquindus\/\" title=\"Posts by adminquindus\" rel=\"author\">adminquindus<\/a>\t\t\t\t\t<\/span> \n\t\t\t\t\t\t<\/div> \n\t<div class=\"pls-meta-right\">\t\t\t\t\t\t<span class=\"comments-count\">\n\t\t\t\t\t\t\t<a href=\"https:\/\/quindusgreens.com\/en\/snacks-funcionales-perros\/#comments\">1<\/a>\t\t\t\t\t\t<\/span>\n\t\t\t\t\t<span class=\"post-view\">569<span class=\"post-meta-label\"> Views<\/span><\/span>\t<\/div>\t\t\n<\/div><h2 class=\"entry-title\"><a href=\"https:\/\/quindusgreens.com\/en\/snacks-funcionales-perros\/\" rel=\"bookmark\">Functional dog treats: the reward that also looks after their health<\/a><\/h2>\t\n<\/header><!-- .entry-header -->\n<div class=\"entry-content\">\n\tIn this blog, we explain what functional dog snacks are, how they differ from traditional snacks, and how they can improve your dog's health and well-being.\t\n<\/div>\n<div class=\"entry-footer\">\n\t\n<p class=\"read-more-btn\">\n\t<a href=\"https:\/\/quindusgreens.com\/en\/snacks-funcionales-perros\/\" class=\"more-link\">Read More <\/a>\n<\/p><\/div>\t<\/div>\n\t\n\t<\/div>\t\t\n<\/article>\n\n\n\n<article id=\"post-2388\" class=\"blog-post-loop  col-lg-6 col-md-6 col-12 post-2388 post type-post status-publish format-standard has-post-thumbnail hentry category-perros\">\n\t\n\t<div class=\"entry-post\">\t\n\t<div class=\"entry-thumbnail-wrapper\">\n\t\t\n<div class=\"post-thumbnail\">\n\t<a href=\"https:\/\/quindusgreens.com\/en\/senales-piel-sensible-en-perros\/\" > <img loading=\"lazy\" decoding=\"async\" width=\"900\" height=\"600\" src=\"https:\/\/quindusgreens.com\/wp-content\/uploads\/2025\/09\/Las-Garrapatas-mas-que-una-simple-picadura.webp\" class=\"attachment-full size-full wp-post-image\" alt=\"\" srcset=\"https:\/\/quindusgreens.com\/wp-content\/uploads\/2025\/09\/Las-Garrapatas-mas-que-una-simple-picadura.webp 900w, https:\/\/quindusgreens.com\/wp-content\/uploads\/2025\/09\/Las-Garrapatas-mas-que-una-simple-picadura-90x60.webp 90w, https:\/\/quindusgreens.com\/wp-content\/uploads\/2025\/09\/Las-Garrapatas-mas-que-una-simple-picadura-480x320.webp 480w, https:\/\/quindusgreens.com\/wp-content\/uploads\/2025\/09\/Las-Garrapatas-mas-que-una-simple-picadura-768x512.webp 768w, https:\/\/quindusgreens.com\/wp-content\/uploads\/2025\/09\/Las-Garrapatas-mas-que-una-simple-picadura-420x280.webp 420w, https:\/\/quindusgreens.com\/wp-content\/uploads\/2025\/09\/Las-Garrapatas-mas-que-una-simple-picadura-720x480.webp 720w\" sizes=\"(max-width: 900px) 100vw, 900px\" \/><\/a>\n<\/div>\t<\/div>\n\t\n\t<div class=\"entry-content-wrapper\">\n\t\t\n<header class=\"entry-header\">\n\n\t<div class=\"entry-meta\">\n\t<div class=\"pls-meta-left\">\t\t\t\t\t\n\t\t\t\t\t<span class=\"posted-date\">\n\t\t\t\t\t\t<a href=\"https:\/\/quindusgreens.com\/en\/senales-piel-sensible-en-perros\/ \">Sep 29, 2025<\/a>\n\t\t\t\t\t<\/span>\t\t\n\t\t\t\t\t<span class=\"author-link vcard\">\n\t\t\t\t\t\tby\t\t\t\t\t\t<a href=\"https:\/\/quindusgreens.com\/en\/author\/adminquindus\/\" title=\"Posts by adminquindus\" rel=\"author\">adminquindus<\/a>\t\t\t\t\t<\/span> \n\t\t\t\t\t\t<\/div> \n\t<div class=\"pls-meta-right\">\t\t\t\t\t\t<span class=\"comments-count\">\n\t\t\t\t\t\t\t<a href=\"https:\/\/quindusgreens.com\/en\/senales-piel-sensible-en-perros\/#respond\">0<\/a>\t\t\t\t\t\t<\/span>\n\t\t\t\t\t<span class=\"post-view\">833<span class=\"post-meta-label\"> Views<\/span><\/span>\t<\/div>\t\t\n<\/div><h2 class=\"entry-title\"><a href=\"https:\/\/quindusgreens.com\/en\/senales-piel-sensible-en-perros\/\" rel=\"bookmark\">Does your dog scratch incessantly? Signs of sensitive skin in dogs<\/a><\/h2>\t\n<\/header><!-- .entry-header -->\n<div class=\"entry-content\">\n\tIn this blog, we tell you how to identify sensitive skin in dogs, what signs you should be concerned about, and what solutions can help improve their well-being. You will also discover how at Quindus...\t\n<\/div>\n<div class=\"entry-footer\">\n\t\n<p class=\"read-more-btn\">\n\t<a href=\"https:\/\/quindusgreens.com\/en\/senales-piel-sensible-en-perros\/\" class=\"more-link\">Read More <\/a>\n<\/p><\/div>\t<\/div>\n\t\n\t<\/div>\t\t\n<\/article>\n\n\t<\/div>\n<\/div>\t\t\t\t<\/div>\n\t\t\t\t<\/div>\n\t\t\t\t\t<\/div>\n\t\t\t\t<\/div>\n\t\t\t\t<\/div>","protected":false},"excerpt":{"rendered":"<p>Blog de bienestar para mascotas Mar 11, 2026 by adminquindus 0 7 Views Ca\u00edda de pelo en gatos: c\u00f3mo prevenirla y mantener su pelaje brillante En este art\u00edculo te contamos<\/p>","protected":false},"author":1,"featured_media":0,"parent":0,"menu_order":0,"comment_status":"closed","ping_status":"closed","template":"","meta":{"_joinchat":[],"footnotes":""},"class_list":["post-2346","page","type-page","status-publish","hentry"],"yoast_head":"<!-- This site is optimized with the Yoast SEO plugin v27.3 - https:\/\/yoast.com\/product\/yoast-seo-wordpress\/ -->\n<title>Blog de Bienestar para Mascotas | Quindus Greens<\/title>\n<meta name=\"description\" content=\"Aprende que es lo mejor para tu fiel compa\u00f1ero en nuestro blog de bienestar para mascotas con gu\u00edas pr\u00e1cticas y recomendaciones \u00fatiles\" \/>\n<meta name=\"robots\" content=\"index, follow, max-snippet:-1, max-image-preview:large, max-video-preview:-1\" \/>\n<link rel=\"canonical\" href=\"https:\/\/quindusgreens.com\/en\/pet-wellness-blog\/\" \/>\n<meta property=\"og:locale\" content=\"en_GB\" \/>\n<meta property=\"og:type\" content=\"article\" \/>\n<meta property=\"og:title\" content=\"Blog de Bienestar para Mascotas | Quindus Greens\" \/>\n<meta property=\"og:description\" content=\"Aprende que es lo mejor para tu fiel compa\u00f1ero en nuestro blog de bienestar para mascotas con gu\u00edas pr\u00e1cticas y recomendaciones \u00fatiles\" \/>\n<meta property=\"og:url\" content=\"https:\/\/quindusgreens.com\/en\/pet-wellness-blog\/\" \/>\n<meta property=\"og:site_name\" content=\"Quindus Green\" \/>\n<meta property=\"article:modified_time\" content=\"2026-03-11T09:33:37+00:00\" \/>\n<meta property=\"og:image\" content=\"https:\/\/quindusgreens.com\/wp-content\/uploads\/2026\/03\/Diseno-sin-titulo-2026-03-11T100328.513.png\" \/>\n<meta name=\"twitter:card\" content=\"summary_large_image\" \/>\n<meta name=\"twitter:label1\" content=\"Estimated reading time\" \/>\n\t<meta name=\"twitter:data1\" content=\"3 minutes\" \/>\n<script type=\"application\/ld+json\" class=\"yoast-schema-graph\">{\"@context\":\"https:\\\/\\\/schema.org\",\"@graph\":[{\"@type\":\"WebPage\",\"@id\":\"https:\\\/\\\/quindusgreens.com\\\/blog-bienestar-mascotas\\\/\",\"url\":\"https:\\\/\\\/quindusgreens.com\\\/blog-bienestar-mascotas\\\/\",\"name\":\"Blog de Bienestar para Mascotas | Quindus Greens\",\"isPartOf\":{\"@id\":\"https:\\\/\\\/quindusgreens.com\\\/#website\"},\"primaryImageOfPage\":{\"@id\":\"https:\\\/\\\/quindusgreens.com\\\/blog-bienestar-mascotas\\\/#primaryimage\"},\"image\":{\"@id\":\"https:\\\/\\\/quindusgreens.com\\\/blog-bienestar-mascotas\\\/#primaryimage\"},\"thumbnailUrl\":\"https:\\\/\\\/quindusgreens.com\\\/wp-content\\\/uploads\\\/2026\\\/03\\\/Diseno-sin-titulo-2026-03-11T100328.513.png\",\"datePublished\":\"2025-09-29T09:13:43+00:00\",\"dateModified\":\"2026-03-11T09:33:37+00:00\",\"description\":\"Aprende que es lo mejor para tu fiel compa\u00f1ero en nuestro blog de bienestar para mascotas con gu\u00edas pr\u00e1cticas y recomendaciones \u00fatiles\",\"breadcrumb\":{\"@id\":\"https:\\\/\\\/quindusgreens.com\\\/blog-bienestar-mascotas\\\/#breadcrumb\"},\"inLanguage\":\"en-GB\",\"potentialAction\":[{\"@type\":\"ReadAction\",\"target\":[\"https:\\\/\\\/quindusgreens.com\\\/blog-bienestar-mascotas\\\/\"]}]},{\"@type\":\"ImageObject\",\"inLanguage\":\"en-GB\",\"@id\":\"https:\\\/\\\/quindusgreens.com\\\/blog-bienestar-mascotas\\\/#primaryimage\",\"url\":\"https:\\\/\\\/quindusgreens.com\\\/wp-content\\\/uploads\\\/2026\\\/03\\\/Diseno-sin-titulo-2026-03-11T100328.513.png\",\"contentUrl\":\"https:\\\/\\\/quindusgreens.com\\\/wp-content\\\/uploads\\\/2026\\\/03\\\/Diseno-sin-titulo-2026-03-11T100328.513.png\"},{\"@type\":\"BreadcrumbList\",\"@id\":\"https:\\\/\\\/quindusgreens.com\\\/blog-bienestar-mascotas\\\/#breadcrumb\",\"itemListElement\":[{\"@type\":\"ListItem\",\"position\":1,\"name\":\"Portada\",\"item\":\"https:\\\/\\\/quindusgreens.com\\\/\"},{\"@type\":\"ListItem\",\"position\":2,\"name\":\"Blog\"}]},{\"@type\":\"WebSite\",\"@id\":\"https:\\\/\\\/quindusgreens.com\\\/#website\",\"url\":\"https:\\\/\\\/quindusgreens.com\\\/\",\"name\":\"Quindus Green\",\"description\":\"Comida y productos para gatos y perros.\",\"potentialAction\":[{\"@type\":\"SearchAction\",\"target\":{\"@type\":\"EntryPoint\",\"urlTemplate\":\"https:\\\/\\\/quindusgreens.com\\\/?s={search_term_string}\"},\"query-input\":{\"@type\":\"PropertyValueSpecification\",\"valueRequired\":true,\"valueName\":\"search_term_string\"}}],\"inLanguage\":\"en-GB\"}]}<\/script>\n<!-- \/ Yoast SEO plugin. -->","yoast_head_json":{"title":"Blog de Bienestar para Mascotas | Quindus Greens","description":"Aprende que es lo mejor para tu fiel compa\u00f1ero en nuestro blog de bienestar para mascotas con gu\u00edas pr\u00e1cticas y recomendaciones \u00fatiles","robots":{"index":"index","follow":"follow","max-snippet":"max-snippet:-1","max-image-preview":"max-image-preview:large","max-video-preview":"max-video-preview:-1"},"canonical":"https:\/\/quindusgreens.com\/en\/pet-wellness-blog\/","og_locale":"en_GB","og_type":"article","og_title":"Blog de Bienestar para Mascotas | Quindus Greens","og_description":"Aprende que es lo mejor para tu fiel compa\u00f1ero en nuestro blog de bienestar para mascotas con gu\u00edas pr\u00e1cticas y recomendaciones \u00fatiles","og_url":"https:\/\/quindusgreens.com\/en\/pet-wellness-blog\/","og_site_name":"Quindus Green","article_modified_time":"2026-03-11T09:33:37+00:00","og_image":[{"url":"https:\/\/quindusgreens.com\/wp-content\/uploads\/2026\/03\/Diseno-sin-titulo-2026-03-11T100328.513.png","type":"","width":"","height":""}],"twitter_card":"summary_large_image","twitter_misc":{"Estimated reading time":"3 minutes"},"schema":{"@context":"https:\/\/schema.org","@graph":[{"@type":"WebPage","@id":"https:\/\/quindusgreens.com\/blog-bienestar-mascotas\/","url":"https:\/\/quindusgreens.com\/blog-bienestar-mascotas\/","name":"Blog de Bienestar para Mascotas | Quindus Greens","isPartOf":{"@id":"https:\/\/quindusgreens.com\/#website"},"primaryImageOfPage":{"@id":"https:\/\/quindusgreens.com\/blog-bienestar-mascotas\/#primaryimage"},"image":{"@id":"https:\/\/quindusgreens.com\/blog-bienestar-mascotas\/#primaryimage"},"thumbnailUrl":"https:\/\/quindusgreens.com\/wp-content\/uploads\/2026\/03\/Diseno-sin-titulo-2026-03-11T100328.513.png","datePublished":"2025-09-29T09:13:43+00:00","dateModified":"2026-03-11T09:33:37+00:00","description":"Aprende que es lo mejor para tu fiel compa\u00f1ero en nuestro blog de bienestar para mascotas con gu\u00edas pr\u00e1cticas y recomendaciones \u00fatiles","breadcrumb":{"@id":"https:\/\/quindusgreens.com\/blog-bienestar-mascotas\/#breadcrumb"},"inLanguage":"en-GB","potentialAction":[{"@type":"ReadAction","target":["https:\/\/quindusgreens.com\/blog-bienestar-mascotas\/"]}]},{"@type":"ImageObject","inLanguage":"en-GB","@id":"https:\/\/quindusgreens.com\/blog-bienestar-mascotas\/#primaryimage","url":"https:\/\/quindusgreens.com\/wp-content\/uploads\/2026\/03\/Diseno-sin-titulo-2026-03-11T100328.513.png","contentUrl":"https:\/\/quindusgreens.com\/wp-content\/uploads\/2026\/03\/Diseno-sin-titulo-2026-03-11T100328.513.png"},{"@type":"BreadcrumbList","@id":"https:\/\/quindusgreens.com\/blog-bienestar-mascotas\/#breadcrumb","itemListElement":[{"@type":"ListItem","position":1,"name":"Portada","item":"https:\/\/quindusgreens.com\/"},{"@type":"ListItem","position":2,"name":"Blog"}]},{"@type":"WebSite","@id":"https:\/\/quindusgreens.com\/#website","url":"https:\/\/quindusgreens.com\/","name":"Quindus Green","description":"Comida y productos para gatos y perros.","potentialAction":[{"@type":"SearchAction","target":{"@type":"EntryPoint","urlTemplate":"https:\/\/quindusgreens.com\/?s={search_term_string}"},"query-input":{"@type":"PropertyValueSpecification","valueRequired":true,"valueName":"search_term_string"}}],"inLanguage":"en-GB"}]}},"_links":{"self":[{"href":"https:\/\/quindusgreens.com\/en\/wp-json\/wp\/v2\/pages\/2346","targetHints":{"allow":["GET"]}}],"collection":[{"href":"https:\/\/quindusgreens.com\/en\/wp-json\/wp\/v2\/pages"}],"about":[{"href":"https:\/\/quindusgreens.com\/en\/wp-json\/wp\/v2\/types\/page"}],"author":[{"embeddable":true,"href":"https:\/\/quindusgreens.com\/en\/wp-json\/wp\/v2\/users\/1"}],"replies":[{"embeddable":true,"href":"https:\/\/quindusgreens.com\/en\/wp-json\/wp\/v2\/comments?post=2346"}],"version-history":[{"count":21,"href":"https:\/\/quindusgreens.com\/en\/wp-json\/wp\/v2\/pages\/2346\/revisions"}],"predecessor-version":[{"id":5809,"href":"https:\/\/quindusgreens.com\/en\/wp-json\/wp\/v2\/pages\/2346\/revisions\/5809"}],"wp:attachment":[{"href":"https:\/\/quindusgreens.com\/en\/wp-json\/wp\/v2\/media?parent=2346"}],"curies":[{"name":"wp","href":"https:\/\/api.w.org\/{rel}","templated":true}]}}