{"id":2368,"date":"2025-09-29T11:49:58","date_gmt":"2025-09-29T09:49:58","guid":{"rendered":"https:\/\/quindusgreens.com\/?page_id=2368"},"modified":"2026-04-14T08:24:29","modified_gmt":"2026-04-14T06:24:29","slug":"sobre-nosotros","status":"publish","type":"page","link":"https:\/\/quindusgreens.com\/en\/about-us\/","title":{"rendered":"About Us"},"content":{"rendered":"<div data-elementor-type=\"wp-page\" data-elementor-id=\"2368\" class=\"elementor elementor-2368\" data-elementor-post-type=\"page\">\n\t\t\t\t<div class=\"elementor-element elementor-element-5883603 e-flex e-con-boxed e-con e-parent\" data-id=\"5883603\" data-element_type=\"container\" data-e-type=\"container\">\n\t\t\t\t\t<div class=\"e-con-inner\">\n\t\t\t\t<div class=\"elementor-element elementor-element-bb4f2af elementor-widget elementor-widget-heading\" data-id=\"bb4f2af\" data-element_type=\"widget\" data-e-type=\"widget\" data-widget_type=\"heading.default\">\n\t\t\t\t\t<h2 class=\"elementor-heading-title elementor-size-default\">About Quindus Greens - Experts in natural pet food<\/h2>\t\t\t\t<\/div>\n\t\t\t\t\t<\/div>\n\t\t\t\t<\/div>\n\t\t<div class=\"elementor-element elementor-element-3be65a8 e-flex e-con-boxed e-con e-parent\" data-id=\"3be65a8\" data-element_type=\"container\" data-e-type=\"container\">\n\t\t\t\t\t<div class=\"e-con-inner\">\n\t\t<div class=\"elementor-element elementor-element-ebe9fb6 e-con-full e-flex e-con e-child\" data-id=\"ebe9fb6\" data-element_type=\"container\" data-e-type=\"container\">\n\t\t\t\t<div class=\"elementor-element elementor-element-5668f62 elementor-widget elementor-widget-heading\" data-id=\"5668f62\" data-element_type=\"widget\" data-e-type=\"widget\" data-widget_type=\"heading.default\">\n\t\t\t\t\t<h3 class=\"elementor-heading-title elementor-size-default\">Real quality for those we love most<\/h3>\t\t\t\t<\/div>\n\t\t\t\t<div class=\"elementor-element elementor-element-1c63bdd elementor-widget elementor-widget-text-editor\" data-id=\"1c63bdd\" data-element_type=\"widget\" data-e-type=\"widget\" data-widget_type=\"text-editor.default\">\n\t\t\t\t\t\t\t\t\t<p class=\" translation-block\">Quindus Greens was founded in 2023 with a very clear idea: <b>to raise the quality standard of pet snacks<\/b> and demonstrate that innovation and naturalness together make a difference. In a market saturated with ultra-processed products with low nutritional value, the brand emerges as an honest, demanding alternative committed to animal welfare.<\/p><p class=\" translation-block\">The project is based on a simple but powerful idea: <b>dogs and cats are part of the family<\/b>. And like any member of the family, they deserve natural food that matches the love and responsibility with which we care for them.<\/p>\t\t\t\t\t\t\t\t<\/div>\n\t\t\t\t<\/div>\n\t\t<div class=\"elementor-element elementor-element-3c8493d e-con-full e-flex e-con e-child\" data-id=\"3c8493d\" data-element_type=\"container\" data-e-type=\"container\">\n\t\t\t\t<div class=\"elementor-element elementor-element-ba00b09 elementor-widget elementor-widget-image\" data-id=\"ba00b09\" data-element_type=\"widget\" data-e-type=\"widget\" data-widget_type=\"image.default\">\n\t\t\t\t\t\t\t\t\t\t\t\t\t\t\t<img fetchpriority=\"high\" decoding=\"async\" width=\"960\" height=\"480\" src=\"https:\/\/quindusgreens.com\/wp-content\/uploads\/2026\/04\/1-960x480.png\" class=\"attachment-large size-large wp-image-6385\" alt=\"\" srcset=\"https:\/\/quindusgreens.com\/wp-content\/uploads\/2026\/04\/1-960x480.png 960w, https:\/\/quindusgreens.com\/wp-content\/uploads\/2026\/04\/1-480x240.png 480w, https:\/\/quindusgreens.com\/wp-content\/uploads\/2026\/04\/1-768x384.png 768w, https:\/\/quindusgreens.com\/wp-content\/uploads\/2026\/04\/1-18x9.png 18w, https:\/\/quindusgreens.com\/wp-content\/uploads\/2026\/04\/1-90x45.png 90w, https:\/\/quindusgreens.com\/wp-content\/uploads\/2026\/04\/1.png 980w\" sizes=\"(max-width: 960px) 100vw, 960px\" \/>\t\t\t\t\t\t\t\t\t\t\t\t\t\t\t<\/div>\n\t\t\t\t<\/div>\n\t\t\t\t\t<\/div>\n\t\t\t\t<\/div>\n\t\t<div class=\"elementor-element elementor-element-055212a e-flex e-con-boxed e-con e-parent\" data-id=\"055212a\" data-element_type=\"container\" data-e-type=\"container\">\n\t\t\t\t\t<div class=\"e-con-inner\">\n\t\t<div class=\"elementor-element elementor-element-6c9a1a3 e-con-full e-flex e-con e-child\" data-id=\"6c9a1a3\" data-element_type=\"container\" data-e-type=\"container\">\n\t\t\t\t<div class=\"elementor-element elementor-element-fe37e05 elementor-widget elementor-widget-image\" data-id=\"fe37e05\" data-element_type=\"widget\" data-e-type=\"widget\" data-widget_type=\"image.default\">\n\t\t\t\t\t\t\t\t\t\t\t\t\t\t\t<img decoding=\"async\" width=\"960\" height=\"480\" src=\"https:\/\/quindusgreens.com\/wp-content\/uploads\/2026\/04\/2-960x480.png\" class=\"attachment-large size-large wp-image-6386\" alt=\"\" srcset=\"https:\/\/quindusgreens.com\/wp-content\/uploads\/2026\/04\/2-960x480.png 960w, https:\/\/quindusgreens.com\/wp-content\/uploads\/2026\/04\/2-480x240.png 480w, https:\/\/quindusgreens.com\/wp-content\/uploads\/2026\/04\/2-768x384.png 768w, https:\/\/quindusgreens.com\/wp-content\/uploads\/2026\/04\/2-18x9.png 18w, https:\/\/quindusgreens.com\/wp-content\/uploads\/2026\/04\/2-90x45.png 90w, https:\/\/quindusgreens.com\/wp-content\/uploads\/2026\/04\/2.png 980w\" sizes=\"(max-width: 960px) 100vw, 960px\" \/>\t\t\t\t\t\t\t\t\t\t\t\t\t\t\t<\/div>\n\t\t\t\t<\/div>\n\t\t<div class=\"elementor-element elementor-element-ba0fe73 e-con-full e-flex e-con e-child\" data-id=\"ba0fe73\" data-element_type=\"container\" data-e-type=\"container\">\n\t\t\t\t<div class=\"elementor-element elementor-element-251fb58 elementor-widget elementor-widget-heading\" data-id=\"251fb58\" data-element_type=\"widget\" data-e-type=\"widget\" data-widget_type=\"heading.default\">\n\t\t\t\t\t<h3 class=\"elementor-heading-title elementor-size-default\">We use 100% natural ingredients.<\/h3>\t\t\t\t<\/div>\n\t\t\t\t<div class=\"elementor-element elementor-element-67d09fe elementor-widget elementor-widget-text-editor\" data-id=\"67d09fe\" data-element_type=\"widget\" data-e-type=\"widget\" data-widget_type=\"text-editor.default\">\n\t\t\t\t\t\t\t\t\t<p class=\" translation-block\">Our products are based on <b>real, high-quality, 100% natural ingredients<\/b>, carefully selected from their source. Each snack is formulated to provide specific benefits, respecting the essence of the food and avoiding unnecessary additives.<\/p><p class=\" translation-block\">To preserve maximum nutrients, flavour and original texture, we use <b>freeze-drying<\/b> as our manufacturing process. This advanced technology allows us to offer purer, safer and more nutritious snacks, keeping the value of the ingredients intact and caring for your pets' health.<\/p>\t\t\t\t\t\t\t\t<\/div>\n\t\t\t\t<\/div>\n\t\t\t\t\t<\/div>\n\t\t\t\t<\/div>\n\t\t<div class=\"elementor-element elementor-element-047ec75 e-flex e-con-boxed e-con e-parent\" data-id=\"047ec75\" data-element_type=\"container\" data-e-type=\"container\">\n\t\t\t\t\t<div class=\"e-con-inner\">\n\t\t<div class=\"elementor-element elementor-element-16c7a09 e-con-full e-flex e-con e-child\" data-id=\"16c7a09\" data-element_type=\"container\" data-e-type=\"container\">\n\t\t\t\t<div class=\"elementor-element elementor-element-580423b elementor-widget elementor-widget-heading\" data-id=\"580423b\" data-element_type=\"widget\" data-e-type=\"widget\" data-widget_type=\"heading.default\">\n\t\t\t\t\t<h3 class=\"elementor-heading-title elementor-size-default\">Our commitment to sustainability<\/h3>\t\t\t\t<\/div>\n\t\t\t\t<div class=\"elementor-element elementor-element-a52b973 elementor-widget elementor-widget-text-editor\" data-id=\"a52b973\" data-element_type=\"widget\" data-e-type=\"widget\" data-widget_type=\"text-editor.default\">\n\t\t\t\t\t\t\t\t\t<p class=\" translation-block\">Sustainability has always been part of Quindus Greens' DNA. That is why <b>we work with processes that reduce waste, collaborate with responsible suppliers, and make decisions aimed at generating a positive impact on the environment<\/b>.<\/p><p>Furthermore, we cannot understand animal welfare without environmental responsibility. That is why we are committed to a more conscious and respectful way of producing, both for pets and for the environment we all share.<\/p>\t\t\t\t\t\t\t\t<\/div>\n\t\t\t\t<\/div>\n\t\t<div class=\"elementor-element elementor-element-a4c4fc1 e-con-full e-flex e-con e-child\" data-id=\"a4c4fc1\" data-element_type=\"container\" data-e-type=\"container\">\n\t\t\t\t<div class=\"elementor-element elementor-element-a2345f5 elementor-widget elementor-widget-image\" data-id=\"a2345f5\" data-element_type=\"widget\" data-e-type=\"widget\" data-widget_type=\"image.default\">\n\t\t\t\t\t\t\t\t\t\t\t\t\t\t\t<img decoding=\"async\" width=\"960\" height=\"480\" src=\"https:\/\/quindusgreens.com\/wp-content\/uploads\/2026\/04\/3-960x480.png\" class=\"attachment-large size-large wp-image-6387\" alt=\"\" srcset=\"https:\/\/quindusgreens.com\/wp-content\/uploads\/2026\/04\/3-960x480.png 960w, https:\/\/quindusgreens.com\/wp-content\/uploads\/2026\/04\/3-480x240.png 480w, https:\/\/quindusgreens.com\/wp-content\/uploads\/2026\/04\/3-768x384.png 768w, https:\/\/quindusgreens.com\/wp-content\/uploads\/2026\/04\/3-18x9.png 18w, https:\/\/quindusgreens.com\/wp-content\/uploads\/2026\/04\/3-90x45.png 90w, https:\/\/quindusgreens.com\/wp-content\/uploads\/2026\/04\/3.png 980w\" sizes=\"(max-width: 960px) 100vw, 960px\" \/>\t\t\t\t\t\t\t\t\t\t\t\t\t\t\t<\/div>\n\t\t\t\t<\/div>\n\t\t\t\t\t<\/div>\n\t\t\t\t<\/div>\n\t\t<div class=\"elementor-element elementor-element-23067f7 e-flex e-con-boxed e-con e-parent\" data-id=\"23067f7\" data-element_type=\"container\" data-e-type=\"container\">\n\t\t\t\t\t<div class=\"e-con-inner\">\n\t\t\t\t<div class=\"elementor-element elementor-element-71de55d elementor-widget__width-inherit elementor-widget elementor-widget-heading\" data-id=\"71de55d\" data-element_type=\"widget\" data-e-type=\"widget\" data-widget_type=\"heading.default\">\n\t\t\t\t\t<h2 class=\"elementor-heading-title elementor-size-default\">Our essence and values<\/h2>\t\t\t\t<\/div>\n\t\t\t\t<div class=\"elementor-element elementor-element-30fc07a elementor-widget elementor-widget-text-editor\" data-id=\"30fc07a\" data-element_type=\"widget\" data-e-type=\"widget\" data-widget_type=\"text-editor.default\">\n\t\t\t\t\t\t\t\t\t<p class=\" translation-block\">The essence of Quindus Greens is simple and steadfast: <b>to make pet snacks with the same high standards we would use when choosing food for our own families<\/b>. We believe in complementary nutrition that is both functional and natural, where every decision has a real impact on the well-being of dogs and cats.<\/p>\t\t\t\t\t\t\t\t<\/div>\n\t\t\t\t\t<\/div>\n\t\t\t\t<\/div>\n\t\t<div class=\"elementor-element elementor-element-cd477f2 e-flex e-con-boxed e-con e-parent\" data-id=\"cd477f2\" data-element_type=\"container\" data-e-type=\"container\">\n\t\t\t\t\t<div class=\"e-con-inner\">\n\t\t<div class=\"elementor-element elementor-element-591f303 e-con-full e-flex e-con e-child\" data-id=\"591f303\" data-element_type=\"container\" data-e-type=\"container\">\n\t\t\t\t<div class=\"elementor-element elementor-element-cee6ae4 elementor-widget elementor-widget-pls-infobox\" data-id=\"cee6ae4\" data-element_type=\"widget\" data-e-type=\"widget\" data-widget_type=\"pls-infobox.default\">\n\t\t\t\t<div class=\"elementor-widget-container\">\n\t\t\t\t\t<div id=\"pls-info-box-23989\" class=\"pls-element pls-info-box icon-effect-none icon-simple icon-top color-scheme-inherit hover-color-scheme-inherit text-center\">\n\t<div class=\"info-box-wrap\"  >\n\t\t<div class=\"box-icon-wrap\">\n\t\t\t\t\t\t\t<div class=\"info-box-icon\"><img decoding=\"async\" src=\"https:\/\/quindusgreens.com\/wp-content\/uploads\/2026\/02\/Calidad-natural.png\" alt=\"Natural quality\"\/><\/div>\n\t\t\t\t\t<\/div>\n\t\t<div class=\"info-box-content\">\n\t\t\t\t\t\t\t\t\t\t<div class=\"info-box-title mb\" >\t\t\t\t\n\t\t\t\t\t<h3>Natural quality<\/h3>\t\t\t\t\t\n\t\t\t\t<\/div>\n\t\t\t\t\t\t\t\t<\/div>\n\t<\/div>\n<\/div>\t\t\t\t<\/div>\n\t\t\t\t<\/div>\n\t\t\t\t<\/div>\n\t\t<div class=\"elementor-element elementor-element-eb88d7e e-con-full e-flex e-con e-child\" data-id=\"eb88d7e\" data-element_type=\"container\" data-e-type=\"container\">\n\t\t\t\t<div class=\"elementor-element elementor-element-714c615 elementor-widget elementor-widget-pls-infobox\" data-id=\"714c615\" data-element_type=\"widget\" data-e-type=\"widget\" data-widget_type=\"pls-infobox.default\">\n\t\t\t\t<div class=\"elementor-widget-container\">\n\t\t\t\t\t<div id=\"pls-info-box-55889\" class=\"pls-element pls-info-box icon-effect-none icon-simple icon-top color-scheme-inherit hover-color-scheme-inherit text-center\">\n\t<div class=\"info-box-wrap\"  >\n\t\t<div class=\"box-icon-wrap\">\n\t\t\t\t\t\t\t<div class=\"info-box-icon\"><img decoding=\"async\" src=\"https:\/\/quindusgreens.com\/wp-content\/uploads\/2026\/02\/Respeto-animal.png\" alt=\"Respect for animals\"\/><\/div>\n\t\t\t\t\t<\/div>\n\t\t<div class=\"info-box-content\">\n\t\t\t\t\t\t\t\t\t\t<div class=\"info-box-title mb\" >\t\t\t\t\n\t\t\t\t\t<h3>Respect for animals<\/h3>\t\t\t\t\t\n\t\t\t\t<\/div>\n\t\t\t\t\t\t\t\t<\/div>\n\t<\/div>\n<\/div>\t\t\t\t<\/div>\n\t\t\t\t<\/div>\n\t\t\t\t<\/div>\n\t\t<div class=\"elementor-element elementor-element-a3efd9a e-con-full e-flex e-con e-child\" data-id=\"a3efd9a\" data-element_type=\"container\" data-e-type=\"container\">\n\t\t\t\t<div class=\"elementor-element elementor-element-5b5f9d3 elementor-widget elementor-widget-pls-infobox\" data-id=\"5b5f9d3\" data-element_type=\"widget\" data-e-type=\"widget\" data-widget_type=\"pls-infobox.default\">\n\t\t\t\t<div class=\"elementor-widget-container\">\n\t\t\t\t\t<div id=\"pls-info-box-39607\" class=\"pls-element pls-info-box icon-effect-none icon-simple icon-top color-scheme-inherit hover-color-scheme-inherit text-center\">\n\t<div class=\"info-box-wrap\"  >\n\t\t<div class=\"box-icon-wrap\">\n\t\t\t\t\t\t\t<div class=\"info-box-icon\"><img decoding=\"async\" src=\"https:\/\/quindusgreens.com\/wp-content\/uploads\/2026\/02\/Funcionalidad-1.png\" alt=\"Functionality\"\/><\/div>\n\t\t\t\t\t<\/div>\n\t\t<div class=\"info-box-content\">\n\t\t\t\t\t\t\t\t\t\t<div class=\"info-box-title mb\" >\t\t\t\t\n\t\t\t\t\t<h3>Functionality<\/h3>\t\t\t\t\t\n\t\t\t\t<\/div>\n\t\t\t\t\t\t\t\t<\/div>\n\t<\/div>\n<\/div>\t\t\t\t<\/div>\n\t\t\t\t<\/div>\n\t\t\t\t<\/div>\n\t\t<div class=\"elementor-element elementor-element-6473683 e-con-full e-flex e-con e-child\" data-id=\"6473683\" data-element_type=\"container\" data-e-type=\"container\">\n\t\t\t\t<div class=\"elementor-element elementor-element-6f5a7e3 elementor-widget elementor-widget-pls-infobox\" data-id=\"6f5a7e3\" data-element_type=\"widget\" data-e-type=\"widget\" data-widget_type=\"pls-infobox.default\">\n\t\t\t\t<div class=\"elementor-widget-container\">\n\t\t\t\t\t<div id=\"pls-info-box-79895\" class=\"pls-element pls-info-box icon-effect-none icon-simple icon-top color-scheme-inherit hover-color-scheme-inherit text-center\">\n\t<div class=\"info-box-wrap\"  >\n\t\t<div class=\"box-icon-wrap\">\n\t\t\t\t\t\t\t<div class=\"info-box-icon\"><img decoding=\"async\" src=\"https:\/\/quindusgreens.com\/wp-content\/uploads\/2026\/02\/Responsabilidad-ambiental.png\" alt=\"Environmental responsibility\"\/><\/div>\n\t\t\t\t\t<\/div>\n\t\t<div class=\"info-box-content\">\n\t\t\t\t\t\t\t\t\t\t<div class=\"info-box-title mb\" >\t\t\t\t\n\t\t\t\t\t<h3>Environmental responsibility<\/h3>\t\t\t\t\t\n\t\t\t\t<\/div>\n\t\t\t\t\t\t\t\t<\/div>\n\t<\/div>\n<\/div>\t\t\t\t<\/div>\n\t\t\t\t<\/div>\n\t\t\t\t<\/div>\n\t\t<div class=\"elementor-element elementor-element-9e6f037 e-con-full e-flex e-con e-child\" data-id=\"9e6f037\" data-element_type=\"container\" data-e-type=\"container\">\n\t\t\t\t<div class=\"elementor-element elementor-element-e2da816 elementor-widget elementor-widget-pls-infobox\" data-id=\"e2da816\" data-element_type=\"widget\" data-e-type=\"widget\" data-widget_type=\"pls-infobox.default\">\n\t\t\t\t<div class=\"elementor-widget-container\">\n\t\t\t\t\t<div id=\"pls-info-box-53453\" class=\"pls-element pls-info-box icon-effect-none icon-simple icon-top color-scheme-inherit hover-color-scheme-inherit text-center\">\n\t<div class=\"info-box-wrap\"  >\n\t\t<div class=\"box-icon-wrap\">\n\t\t\t\t\t\t\t<div class=\"info-box-icon\"><img decoding=\"async\" src=\"https:\/\/quindusgreens.com\/wp-content\/uploads\/2026\/02\/Transparencia.png\" alt=\"Transparency\"\/><\/div>\n\t\t\t\t\t<\/div>\n\t\t<div class=\"info-box-content\">\n\t\t\t\t\t\t\t\t\t\t<div class=\"info-box-title mb\" >\t\t\t\t\n\t\t\t\t\t<h3>Transparency<\/h3>\t\t\t\t\t\n\t\t\t\t<\/div>\n\t\t\t\t\t\t\t\t<\/div>\n\t<\/div>\n<\/div>\t\t\t\t<\/div>\n\t\t\t\t<\/div>\n\t\t\t\t<\/div>\n\t\t\t\t\t<\/div>\n\t\t\t\t<\/div>\n\t\t\t\t<\/div>","protected":false},"excerpt":{"rendered":"<p>Sobre quindus greens &#8211; Expertos en alimentaci\u00f3n natural para mascotas Calidad real para qui\u00e9nes m\u00e1s queremos Quindus Greens naci\u00f3 en 2023 con una idea muy clara: elevar el est\u00e1ndar de<\/p>","protected":false},"author":1,"featured_media":0,"parent":0,"menu_order":0,"comment_status":"closed","ping_status":"closed","template":"","meta":{"_joinchat":[],"footnotes":""},"class_list":["post-2368","page","type-page","status-publish","hentry"],"yoast_head":"<!-- This site is optimized with the Yoast SEO plugin v27.4 - https:\/\/yoast.com\/product\/yoast-seo-wordpress\/ -->\n<title>Alimentaci\u00f3n Natural para Mascotas | Conoce a Quindus Greens<\/title>\n<meta name=\"description\" content=\"Conoce qui\u00e9nes somos: una tienda de alimentaci\u00f3n natural para mascotas con ingredientes 100% naturales y con compromiso sostenible\" \/>\n<meta name=\"robots\" content=\"index, follow, max-snippet:-1, max-image-preview:large, max-video-preview:-1\" \/>\n<link rel=\"canonical\" href=\"https:\/\/quindusgreens.com\/en\/about-us\/\" \/>\n<meta property=\"og:locale\" content=\"en_GB\" \/>\n<meta property=\"og:type\" content=\"article\" \/>\n<meta property=\"og:title\" content=\"Alimentaci\u00f3n Natural para Mascotas | Conoce a Quindus Greens\" \/>\n<meta property=\"og:description\" content=\"Conoce qui\u00e9nes somos: una tienda de alimentaci\u00f3n natural para mascotas con ingredientes 100% naturales y con compromiso sostenible\" \/>\n<meta property=\"og:url\" content=\"https:\/\/quindusgreens.com\/en\/about-us\/\" \/>\n<meta property=\"og:site_name\" content=\"Quindus Green\" \/>\n<meta property=\"article:modified_time\" content=\"2026-04-14T06:24:29+00:00\" \/>\n<meta property=\"og:image\" content=\"https:\/\/quindusgreens.com\/wp-content\/uploads\/2026\/04\/1-960x480.png\" \/>\n<meta name=\"twitter:card\" content=\"summary_large_image\" \/>\n<meta name=\"twitter:label1\" content=\"Estimated reading time\" \/>\n\t<meta name=\"twitter:data1\" content=\"2 minutes\" \/>\n<script type=\"application\/ld+json\" class=\"yoast-schema-graph\">{\"@context\":\"https:\\\/\\\/schema.org\",\"@graph\":[{\"@type\":\"WebPage\",\"@id\":\"https:\\\/\\\/quindusgreens.com\\\/sobre-nosotros\\\/\",\"url\":\"https:\\\/\\\/quindusgreens.com\\\/sobre-nosotros\\\/\",\"name\":\"Alimentaci\u00f3n Natural para Mascotas | Conoce a Quindus Greens\",\"isPartOf\":{\"@id\":\"https:\\\/\\\/quindusgreens.com\\\/#website\"},\"primaryImageOfPage\":{\"@id\":\"https:\\\/\\\/quindusgreens.com\\\/sobre-nosotros\\\/#primaryimage\"},\"image\":{\"@id\":\"https:\\\/\\\/quindusgreens.com\\\/sobre-nosotros\\\/#primaryimage\"},\"thumbnailUrl\":\"https:\\\/\\\/quindusgreens.com\\\/wp-content\\\/uploads\\\/2026\\\/04\\\/1-960x480.png\",\"datePublished\":\"2025-09-29T09:49:58+00:00\",\"dateModified\":\"2026-04-14T06:24:29+00:00\",\"description\":\"Conoce qui\u00e9nes somos: una tienda de alimentaci\u00f3n natural para mascotas con ingredientes 100% naturales y con compromiso sostenible\",\"breadcrumb\":{\"@id\":\"https:\\\/\\\/quindusgreens.com\\\/sobre-nosotros\\\/#breadcrumb\"},\"inLanguage\":\"en-GB\",\"potentialAction\":[{\"@type\":\"ReadAction\",\"target\":[\"https:\\\/\\\/quindusgreens.com\\\/sobre-nosotros\\\/\"]}]},{\"@type\":\"ImageObject\",\"inLanguage\":\"en-GB\",\"@id\":\"https:\\\/\\\/quindusgreens.com\\\/sobre-nosotros\\\/#primaryimage\",\"url\":\"https:\\\/\\\/quindusgreens.com\\\/wp-content\\\/uploads\\\/2026\\\/04\\\/1-960x480.png\",\"contentUrl\":\"https:\\\/\\\/quindusgreens.com\\\/wp-content\\\/uploads\\\/2026\\\/04\\\/1-960x480.png\"},{\"@type\":\"BreadcrumbList\",\"@id\":\"https:\\\/\\\/quindusgreens.com\\\/sobre-nosotros\\\/#breadcrumb\",\"itemListElement\":[{\"@type\":\"ListItem\",\"position\":1,\"name\":\"Portada\",\"item\":\"https:\\\/\\\/quindusgreens.com\\\/\"},{\"@type\":\"ListItem\",\"position\":2,\"name\":\"Sobre Nosotros\"}]},{\"@type\":\"WebSite\",\"@id\":\"https:\\\/\\\/quindusgreens.com\\\/#website\",\"url\":\"https:\\\/\\\/quindusgreens.com\\\/\",\"name\":\"Quindus Green\",\"description\":\"Comida y productos para gatos y perros.\",\"potentialAction\":[{\"@type\":\"SearchAction\",\"target\":{\"@type\":\"EntryPoint\",\"urlTemplate\":\"https:\\\/\\\/quindusgreens.com\\\/?s={search_term_string}\"},\"query-input\":{\"@type\":\"PropertyValueSpecification\",\"valueRequired\":true,\"valueName\":\"search_term_string\"}}],\"inLanguage\":\"en-GB\"}]}<\/script>\n<!-- \/ Yoast SEO plugin. -->","yoast_head_json":{"title":"Alimentaci\u00f3n Natural para Mascotas | Conoce a Quindus Greens","description":"Conoce qui\u00e9nes somos: una tienda de alimentaci\u00f3n natural para mascotas con ingredientes 100% naturales y con compromiso sostenible","robots":{"index":"index","follow":"follow","max-snippet":"max-snippet:-1","max-image-preview":"max-image-preview:large","max-video-preview":"max-video-preview:-1"},"canonical":"https:\/\/quindusgreens.com\/en\/about-us\/","og_locale":"en_GB","og_type":"article","og_title":"Alimentaci\u00f3n Natural para Mascotas | Conoce a Quindus Greens","og_description":"Conoce qui\u00e9nes somos: una tienda de alimentaci\u00f3n natural para mascotas con ingredientes 100% naturales y con compromiso sostenible","og_url":"https:\/\/quindusgreens.com\/en\/about-us\/","og_site_name":"Quindus Green","article_modified_time":"2026-04-14T06:24:29+00:00","og_image":[{"url":"https:\/\/quindusgreens.com\/wp-content\/uploads\/2026\/04\/1-960x480.png","type":"","width":"","height":""}],"twitter_card":"summary_large_image","twitter_misc":{"Estimated reading time":"2 minutes"},"schema":{"@context":"https:\/\/schema.org","@graph":[{"@type":"WebPage","@id":"https:\/\/quindusgreens.com\/sobre-nosotros\/","url":"https:\/\/quindusgreens.com\/sobre-nosotros\/","name":"Alimentaci\u00f3n Natural para Mascotas | Conoce a Quindus Greens","isPartOf":{"@id":"https:\/\/quindusgreens.com\/#website"},"primaryImageOfPage":{"@id":"https:\/\/quindusgreens.com\/sobre-nosotros\/#primaryimage"},"image":{"@id":"https:\/\/quindusgreens.com\/sobre-nosotros\/#primaryimage"},"thumbnailUrl":"https:\/\/quindusgreens.com\/wp-content\/uploads\/2026\/04\/1-960x480.png","datePublished":"2025-09-29T09:49:58+00:00","dateModified":"2026-04-14T06:24:29+00:00","description":"Conoce qui\u00e9nes somos: una tienda de alimentaci\u00f3n natural para mascotas con ingredientes 100% naturales y con compromiso sostenible","breadcrumb":{"@id":"https:\/\/quindusgreens.com\/sobre-nosotros\/#breadcrumb"},"inLanguage":"en-GB","potentialAction":[{"@type":"ReadAction","target":["https:\/\/quindusgreens.com\/sobre-nosotros\/"]}]},{"@type":"ImageObject","inLanguage":"en-GB","@id":"https:\/\/quindusgreens.com\/sobre-nosotros\/#primaryimage","url":"https:\/\/quindusgreens.com\/wp-content\/uploads\/2026\/04\/1-960x480.png","contentUrl":"https:\/\/quindusgreens.com\/wp-content\/uploads\/2026\/04\/1-960x480.png"},{"@type":"BreadcrumbList","@id":"https:\/\/quindusgreens.com\/sobre-nosotros\/#breadcrumb","itemListElement":[{"@type":"ListItem","position":1,"name":"Portada","item":"https:\/\/quindusgreens.com\/"},{"@type":"ListItem","position":2,"name":"Sobre Nosotros"}]},{"@type":"WebSite","@id":"https:\/\/quindusgreens.com\/#website","url":"https:\/\/quindusgreens.com\/","name":"Quindus Green","description":"Comida y productos para gatos y perros.","potentialAction":[{"@type":"SearchAction","target":{"@type":"EntryPoint","urlTemplate":"https:\/\/quindusgreens.com\/?s={search_term_string}"},"query-input":{"@type":"PropertyValueSpecification","valueRequired":true,"valueName":"search_term_string"}}],"inLanguage":"en-GB"}]}},"_links":{"self":[{"href":"https:\/\/quindusgreens.com\/en\/wp-json\/wp\/v2\/pages\/2368","targetHints":{"allow":["GET"]}}],"collection":[{"href":"https:\/\/quindusgreens.com\/en\/wp-json\/wp\/v2\/pages"}],"about":[{"href":"https:\/\/quindusgreens.com\/en\/wp-json\/wp\/v2\/types\/page"}],"author":[{"embeddable":true,"href":"https:\/\/quindusgreens.com\/en\/wp-json\/wp\/v2\/users\/1"}],"replies":[{"embeddable":true,"href":"https:\/\/quindusgreens.com\/en\/wp-json\/wp\/v2\/comments?post=2368"}],"version-history":[{"count":43,"href":"https:\/\/quindusgreens.com\/en\/wp-json\/wp\/v2\/pages\/2368\/revisions"}],"predecessor-version":[{"id":6390,"href":"https:\/\/quindusgreens.com\/en\/wp-json\/wp\/v2\/pages\/2368\/revisions\/6390"}],"wp:attachment":[{"href":"https:\/\/quindusgreens.com\/en\/wp-json\/wp\/v2\/media?parent=2368"}],"curies":[{"name":"wp","href":"https:\/\/api.w.org\/{rel}","templated":true}]}}