{"id":2511,"date":"2025-09-30T10:24:57","date_gmt":"2025-09-30T08:24:57","guid":{"rendered":"https:\/\/quindusgreens.com\/?page_id=2511"},"modified":"2026-02-05T11:26:51","modified_gmt":"2026-02-05T10:26:51","slug":"terminos-y-condiciones","status":"publish","type":"page","link":"https:\/\/quindusgreens.com\/en\/terms-and-conditions\/","title":{"rendered":"Terms and conditions"},"content":{"rendered":"<div data-elementor-type=\"wp-page\" data-elementor-id=\"2511\" class=\"elementor elementor-2511\" data-elementor-post-type=\"page\">\n\t\t\t\t<div class=\"elementor-element elementor-element-8219eb7 e-flex e-con-boxed e-con e-parent\" data-id=\"8219eb7\" data-element_type=\"container\" data-e-type=\"container\">\n\t\t\t\t\t<div class=\"e-con-inner\">\n\t\t\t\t<div class=\"elementor-element elementor-element-ce3d4f9 elementor-widget elementor-widget-heading\" data-id=\"ce3d4f9\" data-element_type=\"widget\" data-e-type=\"widget\" data-widget_type=\"heading.default\">\n\t\t\t\t\t<h2 class=\"elementor-heading-title elementor-size-default\">CONDICIONES DE VENTA QUINDU\u2019S GREENS\n\n<\/h2>\t\t\t\t<\/div>\n\t\t\t\t<div class=\"elementor-element elementor-element-486f1c9 elementor-widget elementor-widget-text-editor\" data-id=\"486f1c9\" data-element_type=\"widget\" data-e-type=\"widget\" data-widget_type=\"text-editor.default\">\n\t\t\t\t\t\t\t\t\t<p style=\"font-weight: 400;\">\u00a1Hola! \u00a1Te damos la bienvenida a QUINDU\u2019S GREENS!<\/p><p style=\"font-weight: 400;\">La compra de nuestros productos a trav\u00e9s de la p\u00e1gina web\u00a0<a href=\"http:\/\/www.maikaipets.com\/\">www.quindusgreens.com<\/a>\u00a0(en adelante, el \u201cSitio Web\u201d o \u201cquindusgreens.com\u201d) se regir\u00e1 por las siguientes Condiciones de Venta.<\/p><p style=\"font-weight: 400;\">Para cualquier cuesti\u00f3n relacionada con las Condiciones de Venta, puedes contactar con nosotros enviando un email a\u00a0<a href=\"mailto:hello@quindusgreens.com\">hello@quindusgreens.com<\/a><\/p><p style=\"font-weight: 400;\"><u>\u00a0<\/u><\/p><p style=\"font-weight: 400;\">DATOS DE IDENTIFICACI\u00d3N<\/p><p style=\"font-weight: 400;\">El sitio web, quindusgreens.com, es un dominio propiedad y operado por QUINDU\u2019S GREENSSL., entidad mercantil constituida conforme a la legislaci\u00f3n espa\u00f1ola (en adelante QUINDU\u2019S GREENS o la empresa):<\/p><ul style=\"font-weight: 400;\"><li>Domicilio social: La Serra del indret S\/N, 08529 Muntnyola \u2013 Barcelona (Espa\u00f1a)<\/li><li>CIF: B56733967<\/li><li>Registro P\u00fablico: Inscrita en el Registro Mercantil de Barcelona Tomo: 49034. Libro: -, Folio: 87, Secci\u00f3n: General, Hoja: 605282. Inscripci\u00f3n o anotaci\u00f3n: 1<\/li><li>E-mail:\u00a0hello@quindusgreens.com<\/li><\/ul><p style=\"font-weight: 400;\">La actividad de QUINDU\u2019S GREENS consiste en la venta on-line de productos para mascotas, a trav\u00e9s del Sitio Web y otros marketplaces, y tambi\u00e9n de forma presencial en tiendas de distribuidores.<\/p><p style=\"font-weight: 400;\">Modalidades y Condiciones relativas a la compra de Productos QUINDU\u2019S GREENS<\/p><p style=\"font-weight: 400;\">Estas modalidades y condiciones (las \u00abModalidades y Condiciones\u00bb) son de aplicaci\u00f3n a todas las relaciones contractuales establecidas entre la sociedad QUINDU\u2019S GREENS SL, por una parte, y las entidades consumidoras (el \u00abConsumidor\u00bb), por otra parte, independientemente de su naturaleza jur\u00eddica (es decir, persona f\u00edsica, \u00a0persona jur\u00eddica, agrupaci\u00f3n de personas) e independientemente de su ubicaci\u00f3n geogr\u00e1fica, y ello respecto a los productos de QUINDU\u2019S GREENS. Cualquier referencia a productos (o producto) es una referencia a los productos para animales de compa\u00f1\u00eda y accesorios que aparecen en el Sitio web.<\/p><p style=\"font-weight: 400;\">Al realizar un pedido en quindusgreens.com, reconoces haber le\u00eddo, comprendido y aceptado las presentes Condiciones de Venta.\u00a0\u00a0\u00a0<\/p><p style=\"font-weight: 400;\">Estas Condiciones de Venta constituyen el marco contractual y, por consiguiente, forman parte de la relaci\u00f3n contractual entre QUINDU\u2019S GREENS y su consumidor (\u00abla Relaci\u00f3n Contractual\u00bb). Sin perjuicio de las modalidades y condiciones y otras estipulaciones que figuran en la web relativas al mero uso del Sitio web, la relaci\u00f3n contractual comenzar\u00e1, por lo general, en el momento en que QUINDU\u2019S GREENS haya aceptado el env\u00edo de un pedido de productos realizado por un consumidor.<\/p><p style=\"font-weight: 400;\">Recibir\u00e1s, despu\u00e9s de haber hecho un pedido a trav\u00e9s del Sitio web, una confirmaci\u00f3n del pedido por correo electr\u00f3nico. Dicha confirmaci\u00f3n no constituye una aceptaci\u00f3n del pedido, sino que es meramente informativa para ti y solo sirve de confirmaci\u00f3n de la recepci\u00f3n del pedido por parte de QUINDU\u2019S GREENS.<\/p><p style=\"font-weight: 400;\">QUINDU\u2019S GREENS tendr\u00e1 derecho a suspender cualquier cuenta de usuario de cualquier consumidor en el Sitio web y a impedir entregas si la empresa conoce, o tiene razones de peso, para creer que existe infracci\u00f3n o tratamiento injusto por cualquier consumidor en el uso del Sitio Web.<\/p><p style=\"font-weight: 400;\">QUINDU\u2019S GREENS se reserva el derecho a rechazar pedidos a su propia discreci\u00f3n. La empresa tendr\u00e1 derecho, si lo considera necesario o deseable, a contratar a terceros para la correcta ejecuci\u00f3n de toda relaci\u00f3n contractual con acuerdo y a transferir los costes de dicha contrataci\u00f3n al consumidor.<\/p><p style=\"font-weight: 400;\">QUINDU\u2019S GREENS se reserva el derecho de ajustar sus t\u00e9rminos y condiciones. Si una disposici\u00f3n de estos t\u00e9rminos y condiciones no fuera ejecutable o contraria a una disposici\u00f3n legal de obligado cumplimiento, ello no afectar\u00e1 a la validez y ejecutabilidad de otras disposiciones de estos t\u00e9rminos y condiciones. En una situaci\u00f3n as\u00ed, la disposici\u00f3n no ejecutable o contraria ser\u00e1 sustituida por una ejecutable y legalmente v\u00e1lida que sea lo m\u00e1s cercana posible al objetivo econ\u00f3mico de la disposici\u00f3n original.<\/p><p style=\"font-weight: 400;\"><b><strong>\u00a0<\/strong><\/b><\/p><p style=\"font-weight: 400;\">DESCRIPCI\u00d3N DEL SERVICIO<\/p><p style=\"font-weight: 400;\">Cuando accedes a nuestra p\u00e1gina web lo primero que ver\u00e1s ser\u00e1 un men\u00fas superior en donde te damos importantes datos:<\/p><ul style=\"font-weight: 400;\"><li>Informaci\u00f3n acerca del precio de env\u00edo, que en este momento los pedidos con un importe superior a 50\u20ac son gratis (En Espa\u00f1a peninsular). Ten en cuenta que esto es algo que podemos cambiar o suprimir, por ello siempre prevalecer\u00e1 lo que se muestre en nuestra web.<\/li><li>En la parte central del men\u00fa superior podr\u00e1s acceder a las distintas p\u00e1ginas que componen nuestro sitio web.<\/li><li>Los iconos del carrito de compra, de acceso a tu perfil y la lupa de b\u00fasqueda, en la parte derecha superior.\u00a0<\/li><\/ul><p style=\"font-weight: 400;\">Recuerda que cada cierto tiempo podemos cambiar nuestro cat\u00e1logo de productos y\/o su precio y que estos ser\u00e1n \u00fanicamente los que se muestren en esta p\u00e1gina web. Aunque intentaremos que eso no ocurra, puede que en el momento en que intentes adquirir uno de los productos que ofertamos, \u00e9ste est\u00e9 agotado o no disponible, en ese caso no podr\u00e1s adquirirlo<\/p><p style=\"font-weight: 400;\">Si quieres ponerte en contacto con nosotros ya sea para obtener informaci\u00f3n sobre nuestros productos y servicios o bien para decirnos que algo no ha ido bien en tu proceso de compra de nuestros productos, env\u00edanos un email a\u00a0hello@quindusgreens.com.<\/p><p style=\"font-weight: 400;\">Finalmente en el pie de p\u00e1gina encontrar\u00e1s:<\/p><ul style=\"font-weight: 400;\"><li>Una caja de informaci\u00f3n a trav\u00e9s de la cual podr\u00e1s suscribirte a nuestra newsletter y as\u00ed podremos mantenerte informado sobre nuestras promociones, descuentos y noticias interesantes sobre nosotros.<\/li><li>Enlaces a los textos legales de esta p\u00e1gina web.<\/li><li>Podr\u00e1s encontrar los iconos de nuestras redes sociales.<\/li><li>Podr\u00e1s ver tambi\u00e9n los iconos de los medios de pago que aceptamos: Maestro, MasterCard y VISA.<\/li><\/ul>\t\t\t\t\t\t\t\t<\/div>\n\t\t\t\t\t<\/div>\n\t\t\t\t<\/div>\n\t\t\t\t<\/div>","protected":false},"excerpt":{"rendered":"<p>CONDICIONES DE VENTA QUINDU\u2019S GREENS \u00a1Hola! \u00a1Te damos la bienvenida a QUINDU\u2019S GREENS! La compra de nuestros productos a trav\u00e9s de la p\u00e1gina web\u00a0www.quindusgreens.com\u00a0(en adelante, el \u201cSitio Web\u201d o \u201cquindusgreens.com\u201d)<\/p>","protected":false},"author":1,"featured_media":0,"parent":0,"menu_order":0,"comment_status":"closed","ping_status":"closed","template":"","meta":{"_joinchat":[],"footnotes":""},"class_list":["post-2511","page","type-page","status-publish","hentry"],"yoast_head":"<!-- This site is optimized with the Yoast SEO plugin v27.3 - https:\/\/yoast.com\/product\/yoast-seo-wordpress\/ -->\n<title>T\u00e9rminos y condiciones - Quindus Green<\/title>\n<meta name=\"robots\" content=\"index, follow, max-snippet:-1, max-image-preview:large, max-video-preview:-1\" \/>\n<link rel=\"canonical\" href=\"https:\/\/quindusgreens.com\/en\/terms-and-conditions\/\" \/>\n<meta property=\"og:locale\" content=\"en_GB\" \/>\n<meta property=\"og:type\" content=\"article\" \/>\n<meta property=\"og:title\" content=\"T\u00e9rminos y condiciones - Quindus Green\" \/>\n<meta property=\"og:description\" content=\"CONDICIONES DE VENTA QUINDU\u2019S GREENS \u00a1Hola! \u00a1Te damos la bienvenida a QUINDU\u2019S GREENS! La compra de nuestros productos a trav\u00e9s de la p\u00e1gina web\u00a0www.quindusgreens.com\u00a0(en adelante, el \u201cSitio Web\u201d o \u201cquindusgreens.com\u201d)\" \/>\n<meta property=\"og:url\" content=\"https:\/\/quindusgreens.com\/en\/terms-and-conditions\/\" \/>\n<meta property=\"og:site_name\" content=\"Quindus Green\" \/>\n<meta property=\"article:modified_time\" content=\"2026-02-05T10:26:51+00:00\" \/>\n<meta name=\"twitter:card\" content=\"summary_large_image\" \/>\n<meta name=\"twitter:label1\" content=\"Estimated reading time\" \/>\n\t<meta name=\"twitter:data1\" content=\"4 minutes\" \/>\n<script type=\"application\/ld+json\" class=\"yoast-schema-graph\">{\"@context\":\"https:\\\/\\\/schema.org\",\"@graph\":[{\"@type\":\"WebPage\",\"@id\":\"https:\\\/\\\/quindusgreens.com\\\/terminos-y-condiciones\\\/\",\"url\":\"https:\\\/\\\/quindusgreens.com\\\/terminos-y-condiciones\\\/\",\"name\":\"T\u00e9rminos y condiciones - Quindus Green\",\"isPartOf\":{\"@id\":\"https:\\\/\\\/quindusgreens.com\\\/#website\"},\"datePublished\":\"2025-09-30T08:24:57+00:00\",\"dateModified\":\"2026-02-05T10:26:51+00:00\",\"breadcrumb\":{\"@id\":\"https:\\\/\\\/quindusgreens.com\\\/terminos-y-condiciones\\\/#breadcrumb\"},\"inLanguage\":\"en-GB\",\"potentialAction\":[{\"@type\":\"ReadAction\",\"target\":[\"https:\\\/\\\/quindusgreens.com\\\/terminos-y-condiciones\\\/\"]}]},{\"@type\":\"BreadcrumbList\",\"@id\":\"https:\\\/\\\/quindusgreens.com\\\/terminos-y-condiciones\\\/#breadcrumb\",\"itemListElement\":[{\"@type\":\"ListItem\",\"position\":1,\"name\":\"Portada\",\"item\":\"https:\\\/\\\/quindusgreens.com\\\/\"},{\"@type\":\"ListItem\",\"position\":2,\"name\":\"T\u00e9rminos y condiciones\"}]},{\"@type\":\"WebSite\",\"@id\":\"https:\\\/\\\/quindusgreens.com\\\/#website\",\"url\":\"https:\\\/\\\/quindusgreens.com\\\/\",\"name\":\"Quindus Green\",\"description\":\"Comida y productos para gatos y perros.\",\"potentialAction\":[{\"@type\":\"SearchAction\",\"target\":{\"@type\":\"EntryPoint\",\"urlTemplate\":\"https:\\\/\\\/quindusgreens.com\\\/?s={search_term_string}\"},\"query-input\":{\"@type\":\"PropertyValueSpecification\",\"valueRequired\":true,\"valueName\":\"search_term_string\"}}],\"inLanguage\":\"en-GB\"}]}<\/script>\n<!-- \/ Yoast SEO plugin. -->","yoast_head_json":{"title":"T\u00e9rminos y condiciones - Quindus Green","robots":{"index":"index","follow":"follow","max-snippet":"max-snippet:-1","max-image-preview":"max-image-preview:large","max-video-preview":"max-video-preview:-1"},"canonical":"https:\/\/quindusgreens.com\/en\/terms-and-conditions\/","og_locale":"en_GB","og_type":"article","og_title":"T\u00e9rminos y condiciones - Quindus Green","og_description":"CONDICIONES DE VENTA QUINDU\u2019S GREENS \u00a1Hola! \u00a1Te damos la bienvenida a QUINDU\u2019S GREENS! La compra de nuestros productos a trav\u00e9s de la p\u00e1gina web\u00a0www.quindusgreens.com\u00a0(en adelante, el \u201cSitio Web\u201d o \u201cquindusgreens.com\u201d)","og_url":"https:\/\/quindusgreens.com\/en\/terms-and-conditions\/","og_site_name":"Quindus Green","article_modified_time":"2026-02-05T10:26:51+00:00","twitter_card":"summary_large_image","twitter_misc":{"Estimated reading time":"4 minutes"},"schema":{"@context":"https:\/\/schema.org","@graph":[{"@type":"WebPage","@id":"https:\/\/quindusgreens.com\/terminos-y-condiciones\/","url":"https:\/\/quindusgreens.com\/terminos-y-condiciones\/","name":"T\u00e9rminos y condiciones - Quindus Green","isPartOf":{"@id":"https:\/\/quindusgreens.com\/#website"},"datePublished":"2025-09-30T08:24:57+00:00","dateModified":"2026-02-05T10:26:51+00:00","breadcrumb":{"@id":"https:\/\/quindusgreens.com\/terminos-y-condiciones\/#breadcrumb"},"inLanguage":"en-GB","potentialAction":[{"@type":"ReadAction","target":["https:\/\/quindusgreens.com\/terminos-y-condiciones\/"]}]},{"@type":"BreadcrumbList","@id":"https:\/\/quindusgreens.com\/terminos-y-condiciones\/#breadcrumb","itemListElement":[{"@type":"ListItem","position":1,"name":"Portada","item":"https:\/\/quindusgreens.com\/"},{"@type":"ListItem","position":2,"name":"T\u00e9rminos y condiciones"}]},{"@type":"WebSite","@id":"https:\/\/quindusgreens.com\/#website","url":"https:\/\/quindusgreens.com\/","name":"Quindus Green","description":"Comida y productos para gatos y perros.","potentialAction":[{"@type":"SearchAction","target":{"@type":"EntryPoint","urlTemplate":"https:\/\/quindusgreens.com\/?s={search_term_string}"},"query-input":{"@type":"PropertyValueSpecification","valueRequired":true,"valueName":"search_term_string"}}],"inLanguage":"en-GB"}]}},"_links":{"self":[{"href":"https:\/\/quindusgreens.com\/en\/wp-json\/wp\/v2\/pages\/2511","targetHints":{"allow":["GET"]}}],"collection":[{"href":"https:\/\/quindusgreens.com\/en\/wp-json\/wp\/v2\/pages"}],"about":[{"href":"https:\/\/quindusgreens.com\/en\/wp-json\/wp\/v2\/types\/page"}],"author":[{"embeddable":true,"href":"https:\/\/quindusgreens.com\/en\/wp-json\/wp\/v2\/users\/1"}],"replies":[{"embeddable":true,"href":"https:\/\/quindusgreens.com\/en\/wp-json\/wp\/v2\/comments?post=2511"}],"version-history":[{"count":4,"href":"https:\/\/quindusgreens.com\/en\/wp-json\/wp\/v2\/pages\/2511\/revisions"}],"predecessor-version":[{"id":2515,"href":"https:\/\/quindusgreens.com\/en\/wp-json\/wp\/v2\/pages\/2511\/revisions\/2515"}],"wp:attachment":[{"href":"https:\/\/quindusgreens.com\/en\/wp-json\/wp\/v2\/media?parent=2511"}],"curies":[{"name":"wp","href":"https:\/\/api.w.org\/{rel}","templated":true}]}}