{"id":3577,"date":"2025-10-22T09:16:41","date_gmt":"2025-10-22T07:16:41","guid":{"rendered":"https:\/\/quindusgreens.com\/?post_type=product&#038;p=3577"},"modified":"2026-03-26T13:58:59","modified_gmt":"2026-03-26T12:58:59","slug":"probiotic-chews-pack-de-3","status":"publish","type":"product","link":"https:\/\/quindusgreens.com\/en\/product\/probiotic-chews-pack-de-3\/","title":{"rendered":"Digestive Probiotics for Dogs \u00b7 Probiotic Chews with Prebiotics Pack of 3 | Quindus"},"content":{"rendered":"<p><span style=\"font-weight: 400;\">The <\/span><b>Probiotic de Quindu\u2019s<\/b><span style=\"font-weight: 400;\"> These chewable tablets are specially formulated to care for the digestive system and strengthen natural defenses. Thanks to their combination of probiotics, prebiotics, L-glutamine, and natural extracts, they help maintain balanced intestinal microbiota, improving digestion and reducing discomfort such as diarrhea, flatulence, or bad breath. Ideal during periods of dietary changes, stress, or after antibiotic treatments. Their natural flavor makes them easy to administer daily as part of your pet's care routine.<\/span><\/p>\n<p><b>Key benefits:<\/b><\/p>\n<ul>\n<li style=\"font-weight: 400;\" aria-level=\"1\"><span style=\"font-weight: 400;\">Promotes intestinal and digestive health.<\/span><\/li>\n<li style=\"font-weight: 400;\" aria-level=\"1\"><span style=\"font-weight: 400;\">Balances the intestinal flora.<\/span><\/li>\n<li style=\"font-weight: 400;\" aria-level=\"1\"><span style=\"font-weight: 400;\">Strengthens the immune system.<\/span><\/li>\n<li style=\"font-weight: 400;\" aria-level=\"1\"><span style=\"font-weight: 400;\">Reduces diarrhea, gas, and bad breath.<\/span><\/li>\n<li style=\"font-weight: 400;\" aria-level=\"1\"><span style=\"font-weight: 400;\">Improves nutrient absorption.<\/span><\/li>\n<\/ul>\n<p><b>Main ingredients:<\/b><b><br \/>\n<\/b><span style=\"font-weight: 400;\">Egg yolk, lecithin, chicken powder, soy protein isolate, hydrolyzed fish protein, pectin, hydrolyzed chicken liver, psyllium, yeast, Enterococcus faecium, clinoptilolite, fish oil, xylo-oligosaccharides.<\/span><\/p>\n<p><b>Additives:<\/b><b><br \/>\n<\/b><span style=\"font-weight: 400;\">Bacillus subtilis, Bacillus licheniformis, Clostridium butyricum, galacto-oligosac\u00e1ridos (prebi\u00f3ticos), zinc gluconato, gluconato de hierro, bifidobacterium gluconato, Lactobacillus acidophilus.<\/span><\/p>\n<p><b>Nutritional analysis:<\/b><\/p>\n<ul>\n<li style=\"font-weight: 400;\" aria-level=\"1\"><span style=\"font-weight: 400;\">Crude protein \u2265 19%<\/span><\/li>\n<li style=\"font-weight: 400;\" aria-level=\"1\"><span style=\"font-weight: 400;\">Crude fat \u2265 8%<\/span><\/li>\n<li style=\"font-weight: 400;\" aria-level=\"1\"><span style=\"font-weight: 400;\">Crude fiber \u2264 0.25%<\/span><\/li>\n<li style=\"font-weight: 400;\" aria-level=\"1\"><span style=\"font-weight: 400;\">Moisture content \u2264 14%<\/span><\/li>\n<li style=\"font-weight: 400;\" aria-level=\"1\"><span style=\"font-weight: 400;\">Crude ash \u2264 2.1%<\/span><\/li>\n<\/ul>\n<p><b>Directions for use \/ Recommended dosage:<\/b><\/p>\n<ul>\n<li style=\"font-weight: 400;\" aria-level=\"1\"><span style=\"font-weight: 400;\">&lt; 5 kg: up to 1\/2 tablet daily<\/span><\/li>\n<li style=\"font-weight: 400;\" aria-level=\"1\"><span style=\"font-weight: 400;\">5\u201312 kg: up to 1 tablet daily<\/span><\/li>\n<li style=\"font-weight: 400;\" aria-level=\"1\"><span style=\"font-weight: 400;\">13-24 kg: up to 2 tablets daily<\/span><\/li>\n<li style=\"font-weight: 400;\" aria-level=\"1\"><span style=\"font-weight: 400;\">25-35 kg: up to 4 tablets daily<\/span><\/li>\n<li style=\"font-weight: 400;\" aria-level=\"1\"><span style=\"font-weight: 400;\">36-50 kg: up to 6 tablets daily<\/span><\/li>\n<li style=\"font-weight: 400;\" aria-level=\"1\"><span style=\"font-weight: 400;\">50 kg: up to 8 tablets daily<\/span><span style=\"font-weight: 400;\"><br \/>\n<\/span><\/li>\n<\/ul>\n<p><b>Format:<\/b><b><br \/>\n<\/b><span style=\"font-weight: 400;\">Bottle of 90 chewables (270 g).<\/span><\/p>\n<p><b>Species:<\/b><b><br \/>\n<\/b><span style=\"font-weight: 400;\">Dogs of all breeds and sizes.<\/span><\/p>\n<p><b>Comments:<\/b><b><br \/>\n<\/b><span style=\"font-weight: 400;\">Store in a cool, dry place. Keep out of reach of children.<\/span><\/p>","protected":false},"excerpt":{"rendered":"<p><span style=\"font-weight: 400;\">Chews with probiotics and prebiotics that promote digestive health, balance intestinal flora, and strengthen your dog's defenses.<\/span><\/p>","protected":false},"featured_media":5571,"comment_status":"open","ping_status":"closed","template":"","meta":{"_joinchat":[]},"product_brand":[],"product_cat":[165,197],"product_tag":[182,193,181],"class_list":{"0":"post-3577","1":"product","2":"type-product","3":"status-publish","4":"has-post-thumbnail","6":"product_cat-perros","7":"product_cat-perros-suplementos","8":"product_tag-chews","9":"product_tag-perro","10":"product_tag-probiotic","12":"first","13":"instock","14":"sale","15":"taxable","16":"shipping-taxable","17":"purchasable","18":"product-type-simple"},"yoast_head":"<!-- This site is optimized with the Yoast SEO plugin v27.3 - https:\/\/yoast.com\/product\/yoast-seo-wordpress\/ -->\n<title>Probi\u00f3ticos para perros pack3 - Probiotic Chews | Quindus Greens<\/title>\n<meta name=\"description\" content=\"Probi\u00f3ticos para perros pack3 que asegura la salud digestiva de tu mascota por m\u00e1s tiempo y ahorra en tu compra. Ideal para mezclar con la comida\" \/>\n<meta name=\"robots\" content=\"index, follow, max-snippet:-1, max-image-preview:large, max-video-preview:-1\" \/>\n<link rel=\"canonical\" href=\"https:\/\/quindusgreens.com\/en\/product\/probiotic-chews-pack-de-3\/\" \/>\n<meta property=\"og:locale\" content=\"en_GB\" \/>\n<meta property=\"og:type\" content=\"article\" \/>\n<meta property=\"og:title\" content=\"Probi\u00f3ticos para perros pack3 - Probiotic Chews | Quindus Greens\" \/>\n<meta property=\"og:description\" content=\"Probi\u00f3ticos para perros pack3 que asegura la salud digestiva de tu mascota por m\u00e1s tiempo y ahorra en tu compra. Ideal para mezclar con la comida\" \/>\n<meta property=\"og:url\" content=\"https:\/\/quindusgreens.com\/en\/product\/probiotic-chews-pack-de-3\/\" \/>\n<meta property=\"og:site_name\" content=\"Quindus Green\" \/>\n<meta property=\"article:modified_time\" content=\"2026-03-26T12:58:59+00:00\" \/>\n<meta property=\"og:image\" content=\"https:\/\/quindusgreens.com\/wp-content\/uploads\/2026\/02\/4.jpg\" \/>\n\t<meta property=\"og:image:width\" content=\"1024\" \/>\n\t<meta property=\"og:image:height\" content=\"1024\" \/>\n\t<meta property=\"og:image:type\" content=\"image\/jpeg\" \/>\n<meta name=\"twitter:card\" content=\"summary_large_image\" \/>\n<meta name=\"twitter:label1\" content=\"Estimated reading time\" \/>\n\t<meta name=\"twitter:data1\" content=\"2 minutes\" \/>\n<script type=\"application\/ld+json\" class=\"yoast-schema-graph\">{\"@context\":\"https:\\\/\\\/schema.org\",\"@graph\":[{\"@type\":\"WebPage\",\"@id\":\"https:\\\/\\\/quindusgreens.com\\\/producto\\\/probiotic-chews-pack-de-3\\\/\",\"url\":\"https:\\\/\\\/quindusgreens.com\\\/producto\\\/probiotic-chews-pack-de-3\\\/\",\"name\":\"Probi\u00f3ticos para perros pack3 - Probiotic Chews | Quindus Greens\",\"isPartOf\":{\"@id\":\"https:\\\/\\\/quindusgreens.com\\\/#website\"},\"primaryImageOfPage\":{\"@id\":\"https:\\\/\\\/quindusgreens.com\\\/producto\\\/probiotic-chews-pack-de-3\\\/#primaryimage\"},\"image\":{\"@id\":\"https:\\\/\\\/quindusgreens.com\\\/producto\\\/probiotic-chews-pack-de-3\\\/#primaryimage\"},\"thumbnailUrl\":\"https:\\\/\\\/quindusgreens.com\\\/wp-content\\\/uploads\\\/2026\\\/02\\\/4.jpg\",\"datePublished\":\"2025-10-22T07:16:41+00:00\",\"dateModified\":\"2026-03-26T12:58:59+00:00\",\"description\":\"Probi\u00f3ticos para perros pack3 que asegura la salud digestiva de tu mascota por m\u00e1s tiempo y ahorra en tu compra. Ideal para mezclar con la comida\",\"breadcrumb\":{\"@id\":\"https:\\\/\\\/quindusgreens.com\\\/producto\\\/probiotic-chews-pack-de-3\\\/#breadcrumb\"},\"inLanguage\":\"en-GB\",\"potentialAction\":[{\"@type\":\"ReadAction\",\"target\":[\"https:\\\/\\\/quindusgreens.com\\\/producto\\\/probiotic-chews-pack-de-3\\\/\"]}]},{\"@type\":\"ImageObject\",\"inLanguage\":\"en-GB\",\"@id\":\"https:\\\/\\\/quindusgreens.com\\\/producto\\\/probiotic-chews-pack-de-3\\\/#primaryimage\",\"url\":\"https:\\\/\\\/quindusgreens.com\\\/wp-content\\\/uploads\\\/2026\\\/02\\\/4.jpg\",\"contentUrl\":\"https:\\\/\\\/quindusgreens.com\\\/wp-content\\\/uploads\\\/2026\\\/02\\\/4.jpg\",\"width\":1024,\"height\":1024},{\"@type\":\"BreadcrumbList\",\"@id\":\"https:\\\/\\\/quindusgreens.com\\\/producto\\\/probiotic-chews-pack-de-3\\\/#breadcrumb\",\"itemListElement\":[{\"@type\":\"ListItem\",\"position\":1,\"name\":\"Portada\",\"item\":\"https:\\\/\\\/quindusgreens.com\\\/\"},{\"@type\":\"ListItem\",\"position\":2,\"name\":\"Tienda\",\"item\":\"https:\\\/\\\/quindusgreens.com\\\/shop\\\/\"},{\"@type\":\"ListItem\",\"position\":3,\"name\":\"Probi\u00f3ticos Digestivos para Perros \u00b7 Probiotic Chews con Prebi\u00f3ticos Pack de 3 | Quindus\"}]},{\"@type\":\"WebSite\",\"@id\":\"https:\\\/\\\/quindusgreens.com\\\/#website\",\"url\":\"https:\\\/\\\/quindusgreens.com\\\/\",\"name\":\"Quindus Green\",\"description\":\"Comida y productos para gatos y perros.\",\"potentialAction\":[{\"@type\":\"SearchAction\",\"target\":{\"@type\":\"EntryPoint\",\"urlTemplate\":\"https:\\\/\\\/quindusgreens.com\\\/?s={search_term_string}\"},\"query-input\":{\"@type\":\"PropertyValueSpecification\",\"valueRequired\":true,\"valueName\":\"search_term_string\"}}],\"inLanguage\":\"en-GB\"}]}<\/script>\n<!-- \/ Yoast SEO plugin. -->","yoast_head_json":{"title":"Probi\u00f3ticos para perros pack3 - Probiotic Chews | Quindus Greens","description":"Probi\u00f3ticos para perros pack3 que asegura la salud digestiva de tu mascota por m\u00e1s tiempo y ahorra en tu compra. Ideal para mezclar con la comida","robots":{"index":"index","follow":"follow","max-snippet":"max-snippet:-1","max-image-preview":"max-image-preview:large","max-video-preview":"max-video-preview:-1"},"canonical":"https:\/\/quindusgreens.com\/en\/product\/probiotic-chews-pack-de-3\/","og_locale":"en_GB","og_type":"article","og_title":"Probi\u00f3ticos para perros pack3 - Probiotic Chews | Quindus Greens","og_description":"Probi\u00f3ticos para perros pack3 que asegura la salud digestiva de tu mascota por m\u00e1s tiempo y ahorra en tu compra. Ideal para mezclar con la comida","og_url":"https:\/\/quindusgreens.com\/en\/product\/probiotic-chews-pack-de-3\/","og_site_name":"Quindus Green","article_modified_time":"2026-03-26T12:58:59+00:00","og_image":[{"width":1024,"height":1024,"url":"https:\/\/quindusgreens.com\/wp-content\/uploads\/2026\/02\/4.jpg","type":"image\/jpeg"}],"twitter_card":"summary_large_image","twitter_misc":{"Estimated reading time":"2 minutes"},"schema":{"@context":"https:\/\/schema.org","@graph":[{"@type":"WebPage","@id":"https:\/\/quindusgreens.com\/producto\/probiotic-chews-pack-de-3\/","url":"https:\/\/quindusgreens.com\/producto\/probiotic-chews-pack-de-3\/","name":"Probi\u00f3ticos para perros pack3 - Probiotic Chews | Quindus Greens","isPartOf":{"@id":"https:\/\/quindusgreens.com\/#website"},"primaryImageOfPage":{"@id":"https:\/\/quindusgreens.com\/producto\/probiotic-chews-pack-de-3\/#primaryimage"},"image":{"@id":"https:\/\/quindusgreens.com\/producto\/probiotic-chews-pack-de-3\/#primaryimage"},"thumbnailUrl":"https:\/\/quindusgreens.com\/wp-content\/uploads\/2026\/02\/4.jpg","datePublished":"2025-10-22T07:16:41+00:00","dateModified":"2026-03-26T12:58:59+00:00","description":"Probi\u00f3ticos para perros pack3 que asegura la salud digestiva de tu mascota por m\u00e1s tiempo y ahorra en tu compra. Ideal para mezclar con la comida","breadcrumb":{"@id":"https:\/\/quindusgreens.com\/producto\/probiotic-chews-pack-de-3\/#breadcrumb"},"inLanguage":"en-GB","potentialAction":[{"@type":"ReadAction","target":["https:\/\/quindusgreens.com\/producto\/probiotic-chews-pack-de-3\/"]}]},{"@type":"ImageObject","inLanguage":"en-GB","@id":"https:\/\/quindusgreens.com\/producto\/probiotic-chews-pack-de-3\/#primaryimage","url":"https:\/\/quindusgreens.com\/wp-content\/uploads\/2026\/02\/4.jpg","contentUrl":"https:\/\/quindusgreens.com\/wp-content\/uploads\/2026\/02\/4.jpg","width":1024,"height":1024},{"@type":"BreadcrumbList","@id":"https:\/\/quindusgreens.com\/producto\/probiotic-chews-pack-de-3\/#breadcrumb","itemListElement":[{"@type":"ListItem","position":1,"name":"Portada","item":"https:\/\/quindusgreens.com\/"},{"@type":"ListItem","position":2,"name":"Tienda","item":"https:\/\/quindusgreens.com\/shop\/"},{"@type":"ListItem","position":3,"name":"Probi\u00f3ticos Digestivos para Perros \u00b7 Probiotic Chews con Prebi\u00f3ticos Pack de 3 | Quindus"}]},{"@type":"WebSite","@id":"https:\/\/quindusgreens.com\/#website","url":"https:\/\/quindusgreens.com\/","name":"Quindus Green","description":"Comida y productos para gatos y perros.","potentialAction":[{"@type":"SearchAction","target":{"@type":"EntryPoint","urlTemplate":"https:\/\/quindusgreens.com\/?s={search_term_string}"},"query-input":{"@type":"PropertyValueSpecification","valueRequired":true,"valueName":"search_term_string"}}],"inLanguage":"en-GB"}]}},"_links":{"self":[{"href":"https:\/\/quindusgreens.com\/en\/wp-json\/wp\/v2\/product\/3577","targetHints":{"allow":["GET"]}}],"collection":[{"href":"https:\/\/quindusgreens.com\/en\/wp-json\/wp\/v2\/product"}],"about":[{"href":"https:\/\/quindusgreens.com\/en\/wp-json\/wp\/v2\/types\/product"}],"replies":[{"embeddable":true,"href":"https:\/\/quindusgreens.com\/en\/wp-json\/wp\/v2\/comments?post=3577"}],"version-history":[{"count":2,"href":"https:\/\/quindusgreens.com\/en\/wp-json\/wp\/v2\/product\/3577\/revisions"}],"predecessor-version":[{"id":4188,"href":"https:\/\/quindusgreens.com\/en\/wp-json\/wp\/v2\/product\/3577\/revisions\/4188"}],"wp:featuredmedia":[{"embeddable":true,"href":"https:\/\/quindusgreens.com\/en\/wp-json\/wp\/v2\/media\/5571"}],"wp:attachment":[{"href":"https:\/\/quindusgreens.com\/en\/wp-json\/wp\/v2\/media?parent=3577"}],"wp:term":[{"taxonomy":"product_brand","embeddable":true,"href":"https:\/\/quindusgreens.com\/en\/wp-json\/wp\/v2\/product_brand?post=3577"},{"taxonomy":"product_cat","embeddable":true,"href":"https:\/\/quindusgreens.com\/en\/wp-json\/wp\/v2\/product_cat?post=3577"},{"taxonomy":"product_tag","embeddable":true,"href":"https:\/\/quindusgreens.com\/en\/wp-json\/wp\/v2\/product_tag?post=3577"}],"curies":[{"name":"wp","href":"https:\/\/api.w.org\/{rel}","templated":true}]}}