{"id":3581,"date":"2025-10-22T09:20:29","date_gmt":"2025-10-22T07:20:29","guid":{"rendered":"https:\/\/quindusgreens.com\/?post_type=product&#038;p=3581"},"modified":"2026-03-26T13:58:56","modified_gmt":"2026-03-26T12:58:56","slug":"salmon-bites-liofilizado-pack-de-6","status":"publish","type":"product","link":"https:\/\/quindusgreens.com\/en\/product\/salmon-bites-liofilizado-pack-de-6\/","title":{"rendered":"Freeze-Dried Salmon Snacks for Dogs and Cats \u2013 Salmon Bites, Pack of 6 | Quindus"},"content":{"rendered":"<p><span style=\"font-weight: 400;\">The <\/span><b>Salmon Bites Liofilizados de Quindu\u2019s<\/b><span style=\"font-weight: 400;\"> are a premium snack made from 100% salmon, which undergoes a freeze-drying process that preserves its nutrients and natural flavor. They provide high-quality protein and omega-3 fatty acids, which are essential for healthy skin, coat, and immune system. Their crunchy, light texture makes them an irresistible treat for dogs and cats, perfect for everyday enjoyment.<\/span><\/p>\n<p><b>Key benefits:<\/b><\/p>\n<ul>\n<li style=\"font-weight: 400;\" aria-level=\"1\"><span style=\"font-weight: 400;\">Suitable for dogs and cats.<\/span><\/li>\n<li style=\"font-weight: 400;\" aria-level=\"1\"><span style=\"font-weight: 400;\">Natural source of high-quality protein.<\/span><\/li>\n<li style=\"font-weight: 400;\" aria-level=\"1\"><span style=\"font-weight: 400;\">Rich in Omega-3 fatty acids (EPA &amp; DHA).<\/span><\/li>\n<li style=\"font-weight: 400;\" aria-level=\"1\"><span style=\"font-weight: 400;\">Contributes to healthy skin and a shiny coat.<\/span><\/li>\n<li style=\"font-weight: 400;\" aria-level=\"1\"><span style=\"font-weight: 400;\">100% natural snack, with no additives or preservatives.<\/span><\/li>\n<li style=\"font-weight: 400;\" aria-level=\"1\"><span style=\"font-weight: 400;\">Easy to digest and palatable.<\/span><\/li>\n<\/ul>\n<p><b>Main ingredients:<\/b><b><br \/>\n<\/b><span style=\"font-weight: 400;\">100% freeze-dried salmon.<\/span><\/p>\n<p><b>Nutritional analysis:<\/b><\/p>\n<ul>\n<li style=\"font-weight: 400;\" aria-level=\"1\"><span style=\"font-weight: 400;\">Crude protein: 68%<\/span><\/li>\n<li style=\"font-weight: 400;\" aria-level=\"1\"><span style=\"font-weight: 400;\">Crude fat: 16%<\/span><\/li>\n<li style=\"font-weight: 400;\" aria-level=\"1\"><span style=\"font-weight: 400;\">Crude fiber: &lt;1%<\/span><\/li>\n<li style=\"font-weight: 400;\" aria-level=\"1\"><span style=\"font-weight: 400;\">Moisture content: 4%<\/span><\/li>\n<li style=\"font-weight: 400;\" aria-level=\"1\"><span style=\"font-weight: 400;\">Ashes: 5%<\/span><\/li>\n<\/ul>\n<p><b>Directions for use \/ Recommended dosage:<\/b><\/p>\n<ul>\n<li style=\"font-weight: 400;\" aria-level=\"1\"><span style=\"font-weight: 400;\">Small dogs and cats: 1\u20132 units per day.<\/span><\/li>\n<li style=\"font-weight: 400;\" aria-level=\"1\"><span style=\"font-weight: 400;\">Medium dogs: 3\u20134 units per day.<\/span><\/li>\n<li style=\"font-weight: 400;\" aria-level=\"1\"><span style=\"font-weight: 400;\">Large dogs: 5\u20136 units per day.<\/span><span style=\"font-weight: 400;\"><br \/>\n<\/span><span style=\"font-weight: 400;\"> Always leave fresh water available.<\/span><\/li>\n<\/ul>\n<p><b>Format:<\/b><b><br \/>\n<\/b><span style=\"font-weight: 400;\">100 g bag.<\/span><\/p>\n<p><b>Species:<\/b><b><br \/>\n<\/b><span style=\"font-weight: 400;\">Dogs and cats.<\/span><\/p>\n<p><b>Comments:<\/b><b><br \/>\n<\/b><span style=\"font-weight: 400;\">Store in a cool, dry place away from moisture. Do not expose to temperatures above 30\u00b0C or direct sunlight.<\/span><\/p>","protected":false},"excerpt":{"rendered":"<p><span style=\"font-weight: 400;\">Natural freeze-dried salmon snack, rich in protein and Omega-3 fatty acids. Ideal as a healthy treat for dogs and cats.<\/span><\/p>","protected":false},"featured_media":5558,"comment_status":"open","ping_status":"closed","template":"","meta":{"_joinchat":[]},"product_brand":[],"product_cat":[166,165,199,195],"product_tag":[168,194,167,193,169],"class_list":{"0":"post-3581","1":"product","2":"type-product","3":"status-publish","4":"has-post-thumbnail","6":"product_cat-gatos","7":"product_cat-perros","8":"product_cat-gatos-snacks-liofilizados","9":"product_cat-perros-snacks-liofilizados","10":"product_tag-bites","11":"product_tag-gato","12":"product_tag-liofilizado","13":"product_tag-perro","14":"product_tag-salmon","16":"first","17":"instock","18":"sale","19":"taxable","20":"shipping-taxable","21":"purchasable","22":"product-type-simple"},"yoast_head":"<!-- This site is optimized with the Yoast SEO plugin v27.3 - https:\/\/yoast.com\/product\/yoast-seo-wordpress\/ -->\n<title>Snack liofilizado de salm\u00f3n pack5 para perros y gatos | Quindus<\/title>\n<meta name=\"description\" content=\"Ahorra con este snack liofilizado de salm\u00f3n pack5. Omega 3 y prote\u00edna para tus mascotas a largo plazo. \u00a1C\u00f3mpralo aqu\u00ed y alegra a tu mascota!\" \/>\n<meta name=\"robots\" content=\"index, follow, max-snippet:-1, max-image-preview:large, max-video-preview:-1\" \/>\n<link rel=\"canonical\" href=\"https:\/\/quindusgreens.com\/en\/product\/salmon-bites-liofilizado-pack-de-6\/\" \/>\n<meta property=\"og:locale\" content=\"en_GB\" \/>\n<meta property=\"og:type\" content=\"article\" \/>\n<meta property=\"og:title\" content=\"Snack liofilizado de salm\u00f3n pack5 para perros y gatos | Quindus\" \/>\n<meta property=\"og:description\" content=\"Ahorra con este snack liofilizado de salm\u00f3n pack5. Omega 3 y prote\u00edna para tus mascotas a largo plazo. \u00a1C\u00f3mpralo aqu\u00ed y alegra a tu mascota!\" \/>\n<meta property=\"og:url\" content=\"https:\/\/quindusgreens.com\/en\/product\/salmon-bites-liofilizado-pack-de-6\/\" \/>\n<meta property=\"og:site_name\" content=\"Quindus Green\" \/>\n<meta property=\"article:modified_time\" content=\"2026-03-26T12:58:56+00:00\" \/>\n<meta property=\"og:image\" content=\"https:\/\/quindusgreens.com\/wp-content\/uploads\/2026\/02\/13.jpg\" \/>\n\t<meta property=\"og:image:width\" content=\"1024\" \/>\n\t<meta property=\"og:image:height\" content=\"1024\" \/>\n\t<meta property=\"og:image:type\" content=\"image\/jpeg\" \/>\n<meta name=\"twitter:card\" content=\"summary_large_image\" \/>\n<meta name=\"twitter:label1\" content=\"Estimated reading time\" \/>\n\t<meta name=\"twitter:data1\" content=\"2 minutes\" \/>\n<script type=\"application\/ld+json\" class=\"yoast-schema-graph\">{\"@context\":\"https:\\\/\\\/schema.org\",\"@graph\":[{\"@type\":\"WebPage\",\"@id\":\"https:\\\/\\\/quindusgreens.com\\\/producto\\\/salmon-bites-liofilizado-pack-de-6\\\/\",\"url\":\"https:\\\/\\\/quindusgreens.com\\\/producto\\\/salmon-bites-liofilizado-pack-de-6\\\/\",\"name\":\"Snack liofilizado de salm\u00f3n pack5 para perros y gatos | Quindus\",\"isPartOf\":{\"@id\":\"https:\\\/\\\/quindusgreens.com\\\/#website\"},\"primaryImageOfPage\":{\"@id\":\"https:\\\/\\\/quindusgreens.com\\\/producto\\\/salmon-bites-liofilizado-pack-de-6\\\/#primaryimage\"},\"image\":{\"@id\":\"https:\\\/\\\/quindusgreens.com\\\/producto\\\/salmon-bites-liofilizado-pack-de-6\\\/#primaryimage\"},\"thumbnailUrl\":\"https:\\\/\\\/quindusgreens.com\\\/wp-content\\\/uploads\\\/2026\\\/02\\\/13.jpg\",\"datePublished\":\"2025-10-22T07:20:29+00:00\",\"dateModified\":\"2026-03-26T12:58:56+00:00\",\"description\":\"Ahorra con este snack liofilizado de salm\u00f3n pack5. Omega 3 y prote\u00edna para tus mascotas a largo plazo. \u00a1C\u00f3mpralo aqu\u00ed y alegra a tu mascota!\",\"breadcrumb\":{\"@id\":\"https:\\\/\\\/quindusgreens.com\\\/producto\\\/salmon-bites-liofilizado-pack-de-6\\\/#breadcrumb\"},\"inLanguage\":\"en-GB\",\"potentialAction\":[{\"@type\":\"ReadAction\",\"target\":[\"https:\\\/\\\/quindusgreens.com\\\/producto\\\/salmon-bites-liofilizado-pack-de-6\\\/\"]}]},{\"@type\":\"ImageObject\",\"inLanguage\":\"en-GB\",\"@id\":\"https:\\\/\\\/quindusgreens.com\\\/producto\\\/salmon-bites-liofilizado-pack-de-6\\\/#primaryimage\",\"url\":\"https:\\\/\\\/quindusgreens.com\\\/wp-content\\\/uploads\\\/2026\\\/02\\\/13.jpg\",\"contentUrl\":\"https:\\\/\\\/quindusgreens.com\\\/wp-content\\\/uploads\\\/2026\\\/02\\\/13.jpg\",\"width\":1024,\"height\":1024},{\"@type\":\"BreadcrumbList\",\"@id\":\"https:\\\/\\\/quindusgreens.com\\\/producto\\\/salmon-bites-liofilizado-pack-de-6\\\/#breadcrumb\",\"itemListElement\":[{\"@type\":\"ListItem\",\"position\":1,\"name\":\"Portada\",\"item\":\"https:\\\/\\\/quindusgreens.com\\\/\"},{\"@type\":\"ListItem\",\"position\":2,\"name\":\"Tienda\",\"item\":\"https:\\\/\\\/quindusgreens.com\\\/shop\\\/\"},{\"@type\":\"ListItem\",\"position\":3,\"name\":\"Snack Liofilizado de Salm\u00f3n para Perros y Gatos &#8211; Salmon Bites Pack de 6 | Quindus\"}]},{\"@type\":\"WebSite\",\"@id\":\"https:\\\/\\\/quindusgreens.com\\\/#website\",\"url\":\"https:\\\/\\\/quindusgreens.com\\\/\",\"name\":\"Quindus Green\",\"description\":\"Comida y productos para gatos y perros.\",\"potentialAction\":[{\"@type\":\"SearchAction\",\"target\":{\"@type\":\"EntryPoint\",\"urlTemplate\":\"https:\\\/\\\/quindusgreens.com\\\/?s={search_term_string}\"},\"query-input\":{\"@type\":\"PropertyValueSpecification\",\"valueRequired\":true,\"valueName\":\"search_term_string\"}}],\"inLanguage\":\"en-GB\"}]}<\/script>\n<!-- \/ Yoast SEO plugin. -->","yoast_head_json":{"title":"Snack liofilizado de salm\u00f3n pack5 para perros y gatos | Quindus","description":"Ahorra con este snack liofilizado de salm\u00f3n pack5. Omega 3 y prote\u00edna para tus mascotas a largo plazo. \u00a1C\u00f3mpralo aqu\u00ed y alegra a tu mascota!","robots":{"index":"index","follow":"follow","max-snippet":"max-snippet:-1","max-image-preview":"max-image-preview:large","max-video-preview":"max-video-preview:-1"},"canonical":"https:\/\/quindusgreens.com\/en\/product\/salmon-bites-liofilizado-pack-de-6\/","og_locale":"en_GB","og_type":"article","og_title":"Snack liofilizado de salm\u00f3n pack5 para perros y gatos | Quindus","og_description":"Ahorra con este snack liofilizado de salm\u00f3n pack5. Omega 3 y prote\u00edna para tus mascotas a largo plazo. \u00a1C\u00f3mpralo aqu\u00ed y alegra a tu mascota!","og_url":"https:\/\/quindusgreens.com\/en\/product\/salmon-bites-liofilizado-pack-de-6\/","og_site_name":"Quindus Green","article_modified_time":"2026-03-26T12:58:56+00:00","og_image":[{"width":1024,"height":1024,"url":"https:\/\/quindusgreens.com\/wp-content\/uploads\/2026\/02\/13.jpg","type":"image\/jpeg"}],"twitter_card":"summary_large_image","twitter_misc":{"Estimated reading time":"2 minutes"},"schema":{"@context":"https:\/\/schema.org","@graph":[{"@type":"WebPage","@id":"https:\/\/quindusgreens.com\/producto\/salmon-bites-liofilizado-pack-de-6\/","url":"https:\/\/quindusgreens.com\/producto\/salmon-bites-liofilizado-pack-de-6\/","name":"Snack liofilizado de salm\u00f3n pack5 para perros y gatos | Quindus","isPartOf":{"@id":"https:\/\/quindusgreens.com\/#website"},"primaryImageOfPage":{"@id":"https:\/\/quindusgreens.com\/producto\/salmon-bites-liofilizado-pack-de-6\/#primaryimage"},"image":{"@id":"https:\/\/quindusgreens.com\/producto\/salmon-bites-liofilizado-pack-de-6\/#primaryimage"},"thumbnailUrl":"https:\/\/quindusgreens.com\/wp-content\/uploads\/2026\/02\/13.jpg","datePublished":"2025-10-22T07:20:29+00:00","dateModified":"2026-03-26T12:58:56+00:00","description":"Ahorra con este snack liofilizado de salm\u00f3n pack5. Omega 3 y prote\u00edna para tus mascotas a largo plazo. \u00a1C\u00f3mpralo aqu\u00ed y alegra a tu mascota!","breadcrumb":{"@id":"https:\/\/quindusgreens.com\/producto\/salmon-bites-liofilizado-pack-de-6\/#breadcrumb"},"inLanguage":"en-GB","potentialAction":[{"@type":"ReadAction","target":["https:\/\/quindusgreens.com\/producto\/salmon-bites-liofilizado-pack-de-6\/"]}]},{"@type":"ImageObject","inLanguage":"en-GB","@id":"https:\/\/quindusgreens.com\/producto\/salmon-bites-liofilizado-pack-de-6\/#primaryimage","url":"https:\/\/quindusgreens.com\/wp-content\/uploads\/2026\/02\/13.jpg","contentUrl":"https:\/\/quindusgreens.com\/wp-content\/uploads\/2026\/02\/13.jpg","width":1024,"height":1024},{"@type":"BreadcrumbList","@id":"https:\/\/quindusgreens.com\/producto\/salmon-bites-liofilizado-pack-de-6\/#breadcrumb","itemListElement":[{"@type":"ListItem","position":1,"name":"Portada","item":"https:\/\/quindusgreens.com\/"},{"@type":"ListItem","position":2,"name":"Tienda","item":"https:\/\/quindusgreens.com\/shop\/"},{"@type":"ListItem","position":3,"name":"Snack Liofilizado de Salm\u00f3n para Perros y Gatos &#8211; Salmon Bites Pack de 6 | Quindus"}]},{"@type":"WebSite","@id":"https:\/\/quindusgreens.com\/#website","url":"https:\/\/quindusgreens.com\/","name":"Quindus Green","description":"Comida y productos para gatos y perros.","potentialAction":[{"@type":"SearchAction","target":{"@type":"EntryPoint","urlTemplate":"https:\/\/quindusgreens.com\/?s={search_term_string}"},"query-input":{"@type":"PropertyValueSpecification","valueRequired":true,"valueName":"search_term_string"}}],"inLanguage":"en-GB"}]}},"_links":{"self":[{"href":"https:\/\/quindusgreens.com\/en\/wp-json\/wp\/v2\/product\/3581","targetHints":{"allow":["GET"]}}],"collection":[{"href":"https:\/\/quindusgreens.com\/en\/wp-json\/wp\/v2\/product"}],"about":[{"href":"https:\/\/quindusgreens.com\/en\/wp-json\/wp\/v2\/types\/product"}],"replies":[{"embeddable":true,"href":"https:\/\/quindusgreens.com\/en\/wp-json\/wp\/v2\/comments?post=3581"}],"version-history":[{"count":6,"href":"https:\/\/quindusgreens.com\/en\/wp-json\/wp\/v2\/product\/3581\/revisions"}],"predecessor-version":[{"id":5485,"href":"https:\/\/quindusgreens.com\/en\/wp-json\/wp\/v2\/product\/3581\/revisions\/5485"}],"wp:featuredmedia":[{"embeddable":true,"href":"https:\/\/quindusgreens.com\/en\/wp-json\/wp\/v2\/media\/5558"}],"wp:attachment":[{"href":"https:\/\/quindusgreens.com\/en\/wp-json\/wp\/v2\/media?parent=3581"}],"wp:term":[{"taxonomy":"product_brand","embeddable":true,"href":"https:\/\/quindusgreens.com\/en\/wp-json\/wp\/v2\/product_brand?post=3581"},{"taxonomy":"product_cat","embeddable":true,"href":"https:\/\/quindusgreens.com\/en\/wp-json\/wp\/v2\/product_cat?post=3581"},{"taxonomy":"product_tag","embeddable":true,"href":"https:\/\/quindusgreens.com\/en\/wp-json\/wp\/v2\/product_tag?post=3581"}],"curies":[{"name":"wp","href":"https:\/\/api.w.org\/{rel}","templated":true}]}}