{"id":3602,"date":"2025-10-22T09:48:49","date_gmt":"2025-10-22T07:48:49","guid":{"rendered":"https:\/\/quindusgreens.com\/?post_type=product&#038;p=3602"},"modified":"2026-03-26T13:59:02","modified_gmt":"2026-03-26T12:59:02","slug":"calming-relax-pack-de-5","status":"publish","type":"product","link":"https:\/\/quindusgreens.com\/en\/product\/calming-relax-pack-de-5\/","title":{"rendered":"Calming &amp; Relax Pack of 5 for Dogs \u00b7 Natural Anti-Stress Supplement with Chamomile, Hemp and Tryptophan | Quindus"},"content":{"rendered":"<p><span style=\"font-weight: 400;\">The <\/span><b>Calming &amp; Relax de Quindu\u2019s<\/b><span style=\"font-weight: 400;\"> They are chewable treats formulated with natural ingredients such as hemp seed, chamomile, tryptophan, and melatonin. These active ingredients work synergistically to reduce anxiety and stress in situations of nervousness, travel, storms, or fireworks. In addition, they promote relaxation without causing excessive drowsiness, helping your pet maintain emotional balance and enjoy a more peaceful life. Their natural meat flavor makes them very palatable and easy to administer.<\/span><\/p>\n<p><b>Key benefits:<\/b><\/p>\n<ul>\n<li style=\"font-weight: 400;\" aria-level=\"1\"><span style=\"font-weight: 400;\">Reduces anxiety and stress.<\/span><\/li>\n<li style=\"font-weight: 400;\" aria-level=\"1\"><span style=\"font-weight: 400;\">Promotes natural relaxation.<\/span><\/li>\n<li style=\"font-weight: 400;\" aria-level=\"1\"><span style=\"font-weight: 400;\">Useful for travel, storms, or changes in routine.<\/span><\/li>\n<li style=\"font-weight: 400;\" aria-level=\"1\"><span style=\"font-weight: 400;\">Promotes restful sleep.<\/span><\/li>\n<li style=\"font-weight: 400;\" aria-level=\"1\"><span style=\"font-weight: 400;\">Chewable format, easy to administer.<\/span><\/li>\n<\/ul>\n<p><b>Main ingredients:<\/b><b><br \/>\n<\/b><span style=\"font-weight: 400;\">Organic hemp seed powder, organic hemp seed oil, L-tryptophan, ginger root, coconut oil, chamomile, oat flour, rice flour, flaxseed, natural beef flavor, sunflower lecithin, melatonin, vitamin B1, Suntheanine, organic passion flower, coconut glycerin, powdered cellulose, sorbic acid, rosemary extract, mixed tocopherols.<\/span><\/p>\n<p><b>Nutritional analysis:<\/b><\/p>\n<ul>\n<li style=\"font-weight: 400;\" aria-level=\"1\"><span style=\"font-weight: 400;\">Crude protein \u2265 24%<\/span><\/li>\n<li style=\"font-weight: 400;\" aria-level=\"1\"><span style=\"font-weight: 400;\">Crude fat \u2265 8%<\/span><\/li>\n<li style=\"font-weight: 400;\" aria-level=\"1\"><span style=\"font-weight: 400;\">Crude fiber \u2264 0.25%<\/span><\/li>\n<li style=\"font-weight: 400;\" aria-level=\"1\"><span style=\"font-weight: 400;\">Humidity \u2264 10%<\/span><\/li>\n<li style=\"font-weight: 400;\" aria-level=\"1\"><span style=\"font-weight: 400;\">Crude ash \u2264 2.1%<\/span><\/li>\n<\/ul>\n<p><b>Directions for use \/ Recommended dosage:<\/b><\/p>\n<ul>\n<li style=\"font-weight: 400;\" aria-level=\"1\"><span style=\"font-weight: 400;\">&lt; 5 kg: up to 1\/2 tablet daily<\/span><\/li>\n<li style=\"font-weight: 400;\" aria-level=\"1\"><span style=\"font-weight: 400;\">5\u201312 kg: up to 1 tablet daily<\/span><\/li>\n<li style=\"font-weight: 400;\" aria-level=\"1\"><span style=\"font-weight: 400;\">13-24 kg: up to 2 tablets daily<\/span><\/li>\n<li style=\"font-weight: 400;\" aria-level=\"1\"><span style=\"font-weight: 400;\">25-35 kg: up to 4 tablets daily<\/span><\/li>\n<li style=\"font-weight: 400;\" aria-level=\"1\"><span style=\"font-weight: 400;\">36-50 kg: up to 6 tablets daily<\/span><\/li>\n<li style=\"font-weight: 400;\" aria-level=\"1\"><span style=\"font-weight: 400;\">50 kg: up to 8 tablets daily<\/span><span style=\"font-weight: 400;\"><br \/>\n<\/span><\/li>\n<\/ul>\n<p><b>Format:<\/b><b><br \/>\n<\/b><span style=\"font-weight: 400;\">Bottle of 90 chewables (270 g).<\/span><\/p>\n<p><b>Species:<\/b><b><br \/>\n<\/b><span style=\"font-weight: 400;\">Dogs of all breeds and sizes.<\/span><\/p>\n<p><b>Comments:<\/b><b><br \/>\n<\/b><span style=\"font-weight: 400;\">Store in a cool, dry place. Keep out of reach of children.<\/span><\/p>","protected":false},"excerpt":{"rendered":"<p><span style=\"font-weight: 400;\">Natural supplement for dogs that helps reduce anxiety and stress, promoting calmness and well-being.<\/span><\/p>","protected":false},"featured_media":5574,"comment_status":"open","ping_status":"closed","template":"","meta":{"_joinchat":[]},"product_brand":[],"product_cat":[165,197],"product_tag":[180,179,193,178],"class_list":{"0":"post-3602","1":"product","2":"type-product","3":"status-publish","4":"has-post-thumbnail","6":"product_cat-perros","7":"product_cat-perros-suplementos","8":"product_tag-calmar","9":"product_tag-calming","10":"product_tag-perro","11":"product_tag-relax","13":"first","14":"instock","15":"sale","16":"taxable","17":"shipping-taxable","18":"purchasable","19":"product-type-simple"},"yoast_head":"<!-- This site is optimized with the Yoast SEO plugin v27.3 - https:\/\/yoast.com\/product\/yoast-seo-wordpress\/ -->\n<title>Calmante natural para perros pack5 - Calming &amp; Relax | Quindus<\/title>\n<meta name=\"description\" content=\"Pack econ\u00f3mico de 5 unidades de Calming &amp; Relax, el calmante natural para perros. Ideal para tratamientos prolongados de ansiedad y mayor ahorro.\" \/>\n<meta name=\"robots\" content=\"index, follow, max-snippet:-1, max-image-preview:large, max-video-preview:-1\" \/>\n<link rel=\"canonical\" href=\"https:\/\/quindusgreens.com\/en\/product\/calming-relax-pack-de-5\/\" \/>\n<meta property=\"og:locale\" content=\"en_GB\" \/>\n<meta property=\"og:type\" content=\"article\" \/>\n<meta property=\"og:title\" content=\"Calmante natural para perros pack5 - Calming &amp; Relax | Quindus\" \/>\n<meta property=\"og:description\" content=\"Pack econ\u00f3mico de 5 unidades de Calming &amp; Relax, el calmante natural para perros. Ideal para tratamientos prolongados de ansiedad y mayor ahorro.\" \/>\n<meta property=\"og:url\" content=\"https:\/\/quindusgreens.com\/en\/product\/calming-relax-pack-de-5\/\" \/>\n<meta property=\"og:site_name\" content=\"Quindus Green\" \/>\n<meta property=\"article:modified_time\" content=\"2026-03-26T12:59:02+00:00\" \/>\n<meta property=\"og:image\" content=\"https:\/\/quindusgreens.com\/wp-content\/uploads\/2026\/02\/7.jpg\" \/>\n\t<meta property=\"og:image:width\" content=\"1024\" \/>\n\t<meta property=\"og:image:height\" content=\"1024\" \/>\n\t<meta property=\"og:image:type\" content=\"image\/jpeg\" \/>\n<meta name=\"twitter:card\" content=\"summary_large_image\" \/>\n<meta name=\"twitter:label1\" content=\"Estimated reading time\" \/>\n\t<meta name=\"twitter:data1\" content=\"2 minutes\" \/>\n<script type=\"application\/ld+json\" class=\"yoast-schema-graph\">{\"@context\":\"https:\\\/\\\/schema.org\",\"@graph\":[{\"@type\":\"WebPage\",\"@id\":\"https:\\\/\\\/quindusgreens.com\\\/producto\\\/calming-relax-pack-de-5\\\/\",\"url\":\"https:\\\/\\\/quindusgreens.com\\\/producto\\\/calming-relax-pack-de-5\\\/\",\"name\":\"Calmante natural para perros pack5 - Calming & Relax | Quindus\",\"isPartOf\":{\"@id\":\"https:\\\/\\\/quindusgreens.com\\\/#website\"},\"primaryImageOfPage\":{\"@id\":\"https:\\\/\\\/quindusgreens.com\\\/producto\\\/calming-relax-pack-de-5\\\/#primaryimage\"},\"image\":{\"@id\":\"https:\\\/\\\/quindusgreens.com\\\/producto\\\/calming-relax-pack-de-5\\\/#primaryimage\"},\"thumbnailUrl\":\"https:\\\/\\\/quindusgreens.com\\\/wp-content\\\/uploads\\\/2026\\\/02\\\/7.jpg\",\"datePublished\":\"2025-10-22T07:48:49+00:00\",\"dateModified\":\"2026-03-26T12:59:02+00:00\",\"description\":\"Pack econ\u00f3mico de 5 unidades de Calming & Relax, el calmante natural para perros. Ideal para tratamientos prolongados de ansiedad y mayor ahorro.\",\"breadcrumb\":{\"@id\":\"https:\\\/\\\/quindusgreens.com\\\/producto\\\/calming-relax-pack-de-5\\\/#breadcrumb\"},\"inLanguage\":\"en-GB\",\"potentialAction\":[{\"@type\":\"ReadAction\",\"target\":[\"https:\\\/\\\/quindusgreens.com\\\/producto\\\/calming-relax-pack-de-5\\\/\"]}]},{\"@type\":\"ImageObject\",\"inLanguage\":\"en-GB\",\"@id\":\"https:\\\/\\\/quindusgreens.com\\\/producto\\\/calming-relax-pack-de-5\\\/#primaryimage\",\"url\":\"https:\\\/\\\/quindusgreens.com\\\/wp-content\\\/uploads\\\/2026\\\/02\\\/7.jpg\",\"contentUrl\":\"https:\\\/\\\/quindusgreens.com\\\/wp-content\\\/uploads\\\/2026\\\/02\\\/7.jpg\",\"width\":1024,\"height\":1024},{\"@type\":\"BreadcrumbList\",\"@id\":\"https:\\\/\\\/quindusgreens.com\\\/producto\\\/calming-relax-pack-de-5\\\/#breadcrumb\",\"itemListElement\":[{\"@type\":\"ListItem\",\"position\":1,\"name\":\"Portada\",\"item\":\"https:\\\/\\\/quindusgreens.com\\\/\"},{\"@type\":\"ListItem\",\"position\":2,\"name\":\"Tienda\",\"item\":\"https:\\\/\\\/quindusgreens.com\\\/shop\\\/\"},{\"@type\":\"ListItem\",\"position\":3,\"name\":\"Calming &#038; Relax Pack de 5 para Perros \u00b7 Suplemento Natural Antiestr\u00e9s con Manzanilla, C\u00e1\u00f1amo y Tript\u00f3fano | Quindus\"}]},{\"@type\":\"WebSite\",\"@id\":\"https:\\\/\\\/quindusgreens.com\\\/#website\",\"url\":\"https:\\\/\\\/quindusgreens.com\\\/\",\"name\":\"Quindus Green\",\"description\":\"Comida y productos para gatos y perros.\",\"potentialAction\":[{\"@type\":\"SearchAction\",\"target\":{\"@type\":\"EntryPoint\",\"urlTemplate\":\"https:\\\/\\\/quindusgreens.com\\\/?s={search_term_string}\"},\"query-input\":{\"@type\":\"PropertyValueSpecification\",\"valueRequired\":true,\"valueName\":\"search_term_string\"}}],\"inLanguage\":\"en-GB\"}]}<\/script>\n<!-- \/ Yoast SEO plugin. -->","yoast_head_json":{"title":"Calmante natural para perros pack5 - Calming & Relax | Quindus","description":"Pack econ\u00f3mico de 5 unidades de Calming & Relax, el calmante natural para perros. Ideal para tratamientos prolongados de ansiedad y mayor ahorro.","robots":{"index":"index","follow":"follow","max-snippet":"max-snippet:-1","max-image-preview":"max-image-preview:large","max-video-preview":"max-video-preview:-1"},"canonical":"https:\/\/quindusgreens.com\/en\/product\/calming-relax-pack-de-5\/","og_locale":"en_GB","og_type":"article","og_title":"Calmante natural para perros pack5 - Calming & Relax | Quindus","og_description":"Pack econ\u00f3mico de 5 unidades de Calming & Relax, el calmante natural para perros. Ideal para tratamientos prolongados de ansiedad y mayor ahorro.","og_url":"https:\/\/quindusgreens.com\/en\/product\/calming-relax-pack-de-5\/","og_site_name":"Quindus Green","article_modified_time":"2026-03-26T12:59:02+00:00","og_image":[{"width":1024,"height":1024,"url":"https:\/\/quindusgreens.com\/wp-content\/uploads\/2026\/02\/7.jpg","type":"image\/jpeg"}],"twitter_card":"summary_large_image","twitter_misc":{"Estimated reading time":"2 minutes"},"schema":{"@context":"https:\/\/schema.org","@graph":[{"@type":"WebPage","@id":"https:\/\/quindusgreens.com\/producto\/calming-relax-pack-de-5\/","url":"https:\/\/quindusgreens.com\/producto\/calming-relax-pack-de-5\/","name":"Calmante natural para perros pack5 - Calming & Relax | Quindus","isPartOf":{"@id":"https:\/\/quindusgreens.com\/#website"},"primaryImageOfPage":{"@id":"https:\/\/quindusgreens.com\/producto\/calming-relax-pack-de-5\/#primaryimage"},"image":{"@id":"https:\/\/quindusgreens.com\/producto\/calming-relax-pack-de-5\/#primaryimage"},"thumbnailUrl":"https:\/\/quindusgreens.com\/wp-content\/uploads\/2026\/02\/7.jpg","datePublished":"2025-10-22T07:48:49+00:00","dateModified":"2026-03-26T12:59:02+00:00","description":"Pack econ\u00f3mico de 5 unidades de Calming & Relax, el calmante natural para perros. Ideal para tratamientos prolongados de ansiedad y mayor ahorro.","breadcrumb":{"@id":"https:\/\/quindusgreens.com\/producto\/calming-relax-pack-de-5\/#breadcrumb"},"inLanguage":"en-GB","potentialAction":[{"@type":"ReadAction","target":["https:\/\/quindusgreens.com\/producto\/calming-relax-pack-de-5\/"]}]},{"@type":"ImageObject","inLanguage":"en-GB","@id":"https:\/\/quindusgreens.com\/producto\/calming-relax-pack-de-5\/#primaryimage","url":"https:\/\/quindusgreens.com\/wp-content\/uploads\/2026\/02\/7.jpg","contentUrl":"https:\/\/quindusgreens.com\/wp-content\/uploads\/2026\/02\/7.jpg","width":1024,"height":1024},{"@type":"BreadcrumbList","@id":"https:\/\/quindusgreens.com\/producto\/calming-relax-pack-de-5\/#breadcrumb","itemListElement":[{"@type":"ListItem","position":1,"name":"Portada","item":"https:\/\/quindusgreens.com\/"},{"@type":"ListItem","position":2,"name":"Tienda","item":"https:\/\/quindusgreens.com\/shop\/"},{"@type":"ListItem","position":3,"name":"Calming &#038; Relax Pack de 5 para Perros \u00b7 Suplemento Natural Antiestr\u00e9s con Manzanilla, C\u00e1\u00f1amo y Tript\u00f3fano | Quindus"}]},{"@type":"WebSite","@id":"https:\/\/quindusgreens.com\/#website","url":"https:\/\/quindusgreens.com\/","name":"Quindus Green","description":"Comida y productos para gatos y perros.","potentialAction":[{"@type":"SearchAction","target":{"@type":"EntryPoint","urlTemplate":"https:\/\/quindusgreens.com\/?s={search_term_string}"},"query-input":{"@type":"PropertyValueSpecification","valueRequired":true,"valueName":"search_term_string"}}],"inLanguage":"en-GB"}]}},"_links":{"self":[{"href":"https:\/\/quindusgreens.com\/en\/wp-json\/wp\/v2\/product\/3602","targetHints":{"allow":["GET"]}}],"collection":[{"href":"https:\/\/quindusgreens.com\/en\/wp-json\/wp\/v2\/product"}],"about":[{"href":"https:\/\/quindusgreens.com\/en\/wp-json\/wp\/v2\/types\/product"}],"replies":[{"embeddable":true,"href":"https:\/\/quindusgreens.com\/en\/wp-json\/wp\/v2\/comments?post=3602"}],"version-history":[{"count":2,"href":"https:\/\/quindusgreens.com\/en\/wp-json\/wp\/v2\/product\/3602\/revisions"}],"predecessor-version":[{"id":4175,"href":"https:\/\/quindusgreens.com\/en\/wp-json\/wp\/v2\/product\/3602\/revisions\/4175"}],"wp:featuredmedia":[{"embeddable":true,"href":"https:\/\/quindusgreens.com\/en\/wp-json\/wp\/v2\/media\/5574"}],"wp:attachment":[{"href":"https:\/\/quindusgreens.com\/en\/wp-json\/wp\/v2\/media?parent=3602"}],"wp:term":[{"taxonomy":"product_brand","embeddable":true,"href":"https:\/\/quindusgreens.com\/en\/wp-json\/wp\/v2\/product_brand?post=3602"},{"taxonomy":"product_cat","embeddable":true,"href":"https:\/\/quindusgreens.com\/en\/wp-json\/wp\/v2\/product_cat?post=3602"},{"taxonomy":"product_tag","embeddable":true,"href":"https:\/\/quindusgreens.com\/en\/wp-json\/wp\/v2\/product_tag?post=3602"}],"curies":[{"name":"wp","href":"https:\/\/api.w.org\/{rel}","templated":true}]}}