{"id":3662,"date":"2025-10-31T10:04:55","date_gmt":"2025-10-31T09:04:55","guid":{"rendered":"https:\/\/quindusgreens.com\/?post_type=product&#038;p=3662"},"modified":"2026-04-15T09:55:34","modified_gmt":"2026-04-15T07:55:34","slug":"aceite-de-salmon-de-perros-y-gatos-500ml","status":"publish","type":"product","link":"https:\/\/quindusgreens.com\/en\/product\/aceite-de-salmon-de-perros-y-gatos-500ml\/","title":{"rendered":"Salmon Oil for Dogs and Cats (500ml)"},"content":{"rendered":"<p><span style=\"font-weight: 400\">Quindus Greens Salmon Oil is a premium supplement designed to improve the quality of life of dogs and cats. Thanks to its high content of essential Omega-3 and Omega-6 fatty acids, it strengthens the immune system, promotes healthy skin and coat, and protects joints from wear and tear. Its natural anti-inflammatory effect makes it a key ally in maintaining mobility, as well as providing cardiovascular and brain health benefits. It is suitable for all stages of life, including pregnancy and lactation, and easily adapts to any type of diet, dry or wet.<\/span><\/p>\n<p><b>Benefits:<\/b><\/p>\n<ul>\n<li style=\"font-weight: 400\"><span style=\"font-weight: 400\">Suitable for dogs and cats.<\/span><\/li>\n<li style=\"font-weight: 400\"><span style=\"font-weight: 400\">Strengthens natural defenses.<\/span><\/li>\n<li style=\"font-weight: 400\"><span style=\"font-weight: 400\">Healthier, shinier hair and skin.<\/span><\/li>\n<li style=\"font-weight: 400\"><span style=\"font-weight: 400\">Natural anti-inflammatory.<\/span><\/li>\n<li style=\"font-weight: 400\"><span style=\"font-weight: 400\">Promotes calcium fixation.<\/span><\/li>\n<li style=\"font-weight: 400\"><span style=\"font-weight: 400\">Supports pregnancy and breastfeeding.<\/span><\/li>\n<li style=\"font-weight: 400\"><span style=\"font-weight: 400\">Compatible with dry and wet food.<\/span><\/li>\n<li style=\"font-weight: 400\"><span style=\"font-weight: 400\">Supports cardiovascular and brain health.<\/span><\/li>\n<li style=\"font-weight: 400\"><span style=\"font-weight: 400\">Protects joints.<\/span><\/li>\n<li style=\"font-weight: 400\"><span style=\"font-weight: 400\">Helps reduce inflammation.<\/span><\/li>\n<li style=\"font-weight: 400\"><span style=\"font-weight: 400\">Boosts the immune system.<\/span><\/li>\n<\/ul>\n<p><b>Ingredients:<\/b><b><br \/>\n<\/b><span style=\"font-weight: 400\"> 100% natural salmon oil.<\/span><\/p>\n<p><b>Distinguishing features:<\/b><\/p>\n<ul>\n<li style=\"font-weight: 400\"><span style=\"font-weight: 400\">With natural antioxidants.<\/span><\/li>\n<li style=\"font-weight: 400\"><span style=\"font-weight: 400\">Rich in Omega-3 and Omega-6.<\/span><\/li>\n<li style=\"font-weight: 400\"><span style=\"font-weight: 400\">Formula without additives or preservatives.<\/span><\/li>\n<li style=\"font-weight: 400\"><span style=\"font-weight: 400\">Process of obtaining that preserves nutrients.<\/span><\/li>\n<\/ul>\n<p><b>Directions for use \/ Dosage:<\/b><b><br \/>\n<\/b><span style=\"font-weight: 400\"> Add daily to food using the hygienic dispenser.<\/span><\/p>\n<ul>\n<li style=\"font-weight: 400\"><b>Dogs<\/b>\n<ul>\n<li style=\"font-weight: 400\"><span style=\"font-weight: 400\">Small breeds (2 to 10 kg): &lt; 5 ml\/day<\/span><\/li>\n<li style=\"font-weight: 400\"><span style=\"font-weight: 400\">Medium breeds (10 to 20 kg): &lt; 10 ml\/day<\/span><\/li>\n<li style=\"font-weight: 400\"><span style=\"font-weight: 400\">Large breeds (+20 kg): &lt; 15 ml\/day<\/span><\/li>\n<\/ul>\n<\/li>\n<li style=\"font-weight: 400\"><b>Cats<\/b>\n<ul>\n<li style=\"font-weight: 400\"><span style=\"font-weight: 400\">All sizes: &lt; 2.5 ml\/day<\/span><\/li>\n<\/ul>\n<\/li>\n<\/ul>\n<p><span style=\"font-weight: 400\">2 ml per pump of the dispenser.<\/span><span style=\"font-weight: 400\"><br \/>\n<\/span><span style=\"font-weight: 400\"> Continued use guarantees better results.<\/span><\/p>\n<p><b>Format:<\/b><b><br \/>\n<\/b><span style=\"font-weight: 400\"> 500 ml container with dispenser.<\/span><\/p>\n<p><b>Confidence notes:<\/b><b><br \/>\n<\/b><span style=\"font-weight: 400\"> Recyclable packaging, certified by Ecoembes. Premium product, made in Spain.<\/span><\/p>","protected":false},"excerpt":{"rendered":"<p><span style=\"font-weight: 400\">100% natural supplement, rich in Omega-3, which strengthens defenses, cares for skin and coat, protects joints, and boosts the overall health of dogs and cats.<\/span><\/p>","protected":false},"featured_media":107,"comment_status":"open","ping_status":"closed","template":"","meta":{"_joinchat":[]},"product_brand":[],"product_cat":[166,165,197,201],"product_tag":[189,194,192,193,169],"class_list":{"0":"post-3662","1":"product","2":"type-product","3":"status-publish","4":"has-post-thumbnail","6":"product_cat-gatos","7":"product_cat-perros","8":"product_cat-perros-suplementos","9":"product_cat-gatos-suplementos","10":"product_tag-aceite","11":"product_tag-gato","12":"product_tag-pequeno","13":"product_tag-perro","14":"product_tag-salmon","16":"first","17":"instock","18":"taxable","19":"shipping-taxable","20":"purchasable","21":"product-type-simple"},"yoast_head":"<!-- This site is optimized with the Yoast SEO plugin v27.3 - https:\/\/yoast.com\/product\/yoast-seo-wordpress\/ -->\n<title>Aceite de salm\u00f3n para perros 500ml | Quindus Greens<\/title>\n<meta name=\"description\" content=\"Meta descripci\u00f3n: Suplemento de aceite de salm\u00f3n para perros y gatos en formato 500ml. Fortalece las defensas y el pelaje de tus mascotas.\" \/>\n<meta name=\"robots\" content=\"index, follow, max-snippet:-1, max-image-preview:large, max-video-preview:-1\" \/>\n<link rel=\"canonical\" href=\"https:\/\/quindusgreens.com\/en\/product\/aceite-de-salmon-de-perros-y-gatos-500ml\/\" \/>\n<meta property=\"og:locale\" content=\"en_GB\" \/>\n<meta property=\"og:type\" content=\"article\" \/>\n<meta property=\"og:title\" content=\"Aceite de salm\u00f3n para perros 500ml | Quindus Greens\" \/>\n<meta property=\"og:description\" content=\"Meta descripci\u00f3n: Suplemento de aceite de salm\u00f3n para perros y gatos en formato 500ml. Fortalece las defensas y el pelaje de tus mascotas.\" \/>\n<meta property=\"og:url\" content=\"https:\/\/quindusgreens.com\/en\/product\/aceite-de-salmon-de-perros-y-gatos-500ml\/\" \/>\n<meta property=\"og:site_name\" content=\"Quindus Green\" \/>\n<meta property=\"article:modified_time\" content=\"2026-04-15T07:55:34+00:00\" \/>\n<meta property=\"og:image\" content=\"https:\/\/quindusgreens.com\/wp-content\/uploads\/2024\/12\/aceite-de-salmon-perros-y-gatos-500-ml.jpg\" \/>\n\t<meta property=\"og:image:width\" content=\"1200\" \/>\n\t<meta property=\"og:image:height\" content=\"1200\" \/>\n\t<meta property=\"og:image:type\" content=\"image\/jpeg\" \/>\n<meta name=\"twitter:card\" content=\"summary_large_image\" \/>\n<meta name=\"twitter:label1\" content=\"Estimated reading time\" \/>\n\t<meta name=\"twitter:data1\" content=\"2 minutes\" \/>\n<script type=\"application\/ld+json\" class=\"yoast-schema-graph\">{\"@context\":\"https:\\\/\\\/schema.org\",\"@graph\":[{\"@type\":\"WebPage\",\"@id\":\"https:\\\/\\\/quindusgreens.com\\\/producto\\\/aceite-de-salmon-de-perros-y-gatos-500ml\\\/\",\"url\":\"https:\\\/\\\/quindusgreens.com\\\/producto\\\/aceite-de-salmon-de-perros-y-gatos-500ml\\\/\",\"name\":\"Aceite de salm\u00f3n para perros 500ml | Quindus Greens\",\"isPartOf\":{\"@id\":\"https:\\\/\\\/quindusgreens.com\\\/#website\"},\"primaryImageOfPage\":{\"@id\":\"https:\\\/\\\/quindusgreens.com\\\/producto\\\/aceite-de-salmon-de-perros-y-gatos-500ml\\\/#primaryimage\"},\"image\":{\"@id\":\"https:\\\/\\\/quindusgreens.com\\\/producto\\\/aceite-de-salmon-de-perros-y-gatos-500ml\\\/#primaryimage\"},\"thumbnailUrl\":\"https:\\\/\\\/quindusgreens.com\\\/wp-content\\\/uploads\\\/2024\\\/12\\\/aceite-de-salmon-perros-y-gatos-500-ml.jpg\",\"datePublished\":\"2025-10-31T09:04:55+00:00\",\"dateModified\":\"2026-04-15T07:55:34+00:00\",\"description\":\"Meta descripci\u00f3n: Suplemento de aceite de salm\u00f3n para perros y gatos en formato 500ml. Fortalece las defensas y el pelaje de tus mascotas.\",\"breadcrumb\":{\"@id\":\"https:\\\/\\\/quindusgreens.com\\\/producto\\\/aceite-de-salmon-de-perros-y-gatos-500ml\\\/#breadcrumb\"},\"inLanguage\":\"en-GB\",\"potentialAction\":[{\"@type\":\"ReadAction\",\"target\":[\"https:\\\/\\\/quindusgreens.com\\\/producto\\\/aceite-de-salmon-de-perros-y-gatos-500ml\\\/\"]}]},{\"@type\":\"ImageObject\",\"inLanguage\":\"en-GB\",\"@id\":\"https:\\\/\\\/quindusgreens.com\\\/producto\\\/aceite-de-salmon-de-perros-y-gatos-500ml\\\/#primaryimage\",\"url\":\"https:\\\/\\\/quindusgreens.com\\\/wp-content\\\/uploads\\\/2024\\\/12\\\/aceite-de-salmon-perros-y-gatos-500-ml.jpg\",\"contentUrl\":\"https:\\\/\\\/quindusgreens.com\\\/wp-content\\\/uploads\\\/2024\\\/12\\\/aceite-de-salmon-perros-y-gatos-500-ml.jpg\",\"width\":1200,\"height\":1200,\"caption\":\"aceite de salm\u00f3n para perros y gatos 500ml quindus\"},{\"@type\":\"BreadcrumbList\",\"@id\":\"https:\\\/\\\/quindusgreens.com\\\/producto\\\/aceite-de-salmon-de-perros-y-gatos-500ml\\\/#breadcrumb\",\"itemListElement\":[{\"@type\":\"ListItem\",\"position\":1,\"name\":\"Portada\",\"item\":\"https:\\\/\\\/quindusgreens.com\\\/\"},{\"@type\":\"ListItem\",\"position\":2,\"name\":\"Tienda\",\"item\":\"https:\\\/\\\/quindusgreens.com\\\/shop\\\/\"},{\"@type\":\"ListItem\",\"position\":3,\"name\":\"Aceite de Salm\u00f3n para Perros y Gatos (500ml)\"}]},{\"@type\":\"WebSite\",\"@id\":\"https:\\\/\\\/quindusgreens.com\\\/#website\",\"url\":\"https:\\\/\\\/quindusgreens.com\\\/\",\"name\":\"Quindus Green\",\"description\":\"Comida y productos para gatos y perros.\",\"potentialAction\":[{\"@type\":\"SearchAction\",\"target\":{\"@type\":\"EntryPoint\",\"urlTemplate\":\"https:\\\/\\\/quindusgreens.com\\\/?s={search_term_string}\"},\"query-input\":{\"@type\":\"PropertyValueSpecification\",\"valueRequired\":true,\"valueName\":\"search_term_string\"}}],\"inLanguage\":\"en-GB\"}]}<\/script>\n<!-- \/ Yoast SEO plugin. -->","yoast_head_json":{"title":"Aceite de salm\u00f3n para perros 500ml | Quindus Greens","description":"Meta descripci\u00f3n: Suplemento de aceite de salm\u00f3n para perros y gatos en formato 500ml. Fortalece las defensas y el pelaje de tus mascotas.","robots":{"index":"index","follow":"follow","max-snippet":"max-snippet:-1","max-image-preview":"max-image-preview:large","max-video-preview":"max-video-preview:-1"},"canonical":"https:\/\/quindusgreens.com\/en\/product\/aceite-de-salmon-de-perros-y-gatos-500ml\/","og_locale":"en_GB","og_type":"article","og_title":"Aceite de salm\u00f3n para perros 500ml | Quindus Greens","og_description":"Meta descripci\u00f3n: Suplemento de aceite de salm\u00f3n para perros y gatos en formato 500ml. Fortalece las defensas y el pelaje de tus mascotas.","og_url":"https:\/\/quindusgreens.com\/en\/product\/aceite-de-salmon-de-perros-y-gatos-500ml\/","og_site_name":"Quindus Green","article_modified_time":"2026-04-15T07:55:34+00:00","og_image":[{"width":1200,"height":1200,"url":"https:\/\/quindusgreens.com\/wp-content\/uploads\/2024\/12\/aceite-de-salmon-perros-y-gatos-500-ml.jpg","type":"image\/jpeg"}],"twitter_card":"summary_large_image","twitter_misc":{"Estimated reading time":"2 minutes"},"schema":{"@context":"https:\/\/schema.org","@graph":[{"@type":"WebPage","@id":"https:\/\/quindusgreens.com\/producto\/aceite-de-salmon-de-perros-y-gatos-500ml\/","url":"https:\/\/quindusgreens.com\/producto\/aceite-de-salmon-de-perros-y-gatos-500ml\/","name":"Aceite de salm\u00f3n para perros 500ml | Quindus Greens","isPartOf":{"@id":"https:\/\/quindusgreens.com\/#website"},"primaryImageOfPage":{"@id":"https:\/\/quindusgreens.com\/producto\/aceite-de-salmon-de-perros-y-gatos-500ml\/#primaryimage"},"image":{"@id":"https:\/\/quindusgreens.com\/producto\/aceite-de-salmon-de-perros-y-gatos-500ml\/#primaryimage"},"thumbnailUrl":"https:\/\/quindusgreens.com\/wp-content\/uploads\/2024\/12\/aceite-de-salmon-perros-y-gatos-500-ml.jpg","datePublished":"2025-10-31T09:04:55+00:00","dateModified":"2026-04-15T07:55:34+00:00","description":"Meta descripci\u00f3n: Suplemento de aceite de salm\u00f3n para perros y gatos en formato 500ml. Fortalece las defensas y el pelaje de tus mascotas.","breadcrumb":{"@id":"https:\/\/quindusgreens.com\/producto\/aceite-de-salmon-de-perros-y-gatos-500ml\/#breadcrumb"},"inLanguage":"en-GB","potentialAction":[{"@type":"ReadAction","target":["https:\/\/quindusgreens.com\/producto\/aceite-de-salmon-de-perros-y-gatos-500ml\/"]}]},{"@type":"ImageObject","inLanguage":"en-GB","@id":"https:\/\/quindusgreens.com\/producto\/aceite-de-salmon-de-perros-y-gatos-500ml\/#primaryimage","url":"https:\/\/quindusgreens.com\/wp-content\/uploads\/2024\/12\/aceite-de-salmon-perros-y-gatos-500-ml.jpg","contentUrl":"https:\/\/quindusgreens.com\/wp-content\/uploads\/2024\/12\/aceite-de-salmon-perros-y-gatos-500-ml.jpg","width":1200,"height":1200,"caption":"aceite de salm\u00f3n para perros y gatos 500ml quindus"},{"@type":"BreadcrumbList","@id":"https:\/\/quindusgreens.com\/producto\/aceite-de-salmon-de-perros-y-gatos-500ml\/#breadcrumb","itemListElement":[{"@type":"ListItem","position":1,"name":"Portada","item":"https:\/\/quindusgreens.com\/"},{"@type":"ListItem","position":2,"name":"Tienda","item":"https:\/\/quindusgreens.com\/shop\/"},{"@type":"ListItem","position":3,"name":"Aceite de Salm\u00f3n para Perros y Gatos (500ml)"}]},{"@type":"WebSite","@id":"https:\/\/quindusgreens.com\/#website","url":"https:\/\/quindusgreens.com\/","name":"Quindus Green","description":"Comida y productos para gatos y perros.","potentialAction":[{"@type":"SearchAction","target":{"@type":"EntryPoint","urlTemplate":"https:\/\/quindusgreens.com\/?s={search_term_string}"},"query-input":{"@type":"PropertyValueSpecification","valueRequired":true,"valueName":"search_term_string"}}],"inLanguage":"en-GB"}]}},"_links":{"self":[{"href":"https:\/\/quindusgreens.com\/en\/wp-json\/wp\/v2\/product\/3662","targetHints":{"allow":["GET"]}}],"collection":[{"href":"https:\/\/quindusgreens.com\/en\/wp-json\/wp\/v2\/product"}],"about":[{"href":"https:\/\/quindusgreens.com\/en\/wp-json\/wp\/v2\/types\/product"}],"replies":[{"embeddable":true,"href":"https:\/\/quindusgreens.com\/en\/wp-json\/wp\/v2\/comments?post=3662"}],"version-history":[{"count":4,"href":"https:\/\/quindusgreens.com\/en\/wp-json\/wp\/v2\/product\/3662\/revisions"}],"predecessor-version":[{"id":6359,"href":"https:\/\/quindusgreens.com\/en\/wp-json\/wp\/v2\/product\/3662\/revisions\/6359"}],"wp:featuredmedia":[{"embeddable":true,"href":"https:\/\/quindusgreens.com\/en\/wp-json\/wp\/v2\/media\/107"}],"wp:attachment":[{"href":"https:\/\/quindusgreens.com\/en\/wp-json\/wp\/v2\/media?parent=3662"}],"wp:term":[{"taxonomy":"product_brand","embeddable":true,"href":"https:\/\/quindusgreens.com\/en\/wp-json\/wp\/v2\/product_brand?post=3662"},{"taxonomy":"product_cat","embeddable":true,"href":"https:\/\/quindusgreens.com\/en\/wp-json\/wp\/v2\/product_cat?post=3662"},{"taxonomy":"product_tag","embeddable":true,"href":"https:\/\/quindusgreens.com\/en\/wp-json\/wp\/v2\/product_tag?post=3662"}],"curies":[{"name":"wp","href":"https:\/\/api.w.org\/{rel}","templated":true}]}}