{"id":5914,"date":"2026-04-02T11:52:04","date_gmt":"2026-04-02T09:52:04","guid":{"rendered":"https:\/\/quindusgreens.com\/?post_type=product&#038;p=5914"},"modified":"2026-04-20T11:14:07","modified_gmt":"2026-04-20T09:14:07","slug":"pack-piel-y-pelo","status":"publish","type":"product","link":"https:\/\/quindusgreens.com\/en\/product\/pack-piel-y-pelo\/","title":{"rendered":"Pack Piel y Pelaje para Perros"},"content":{"rendered":"<p>El Pack Piel y Pelaje para Perros de Quindus Greens combina suplementaci\u00f3n funcional, aceite de alta calidad y snack natural de salm\u00f3n para cuidar desde el interior la salud de la piel y el brillo del pelaje de los perros. Una soluci\u00f3n completa dise\u00f1ada para potenciar resultados visibles de forma natural y efectiva.<\/p>\n<p>Thanks to its high content of Omega-3 and Omega-6 fatty acids, this pack helps to moisturise the skin, improve the quality of the coat and reduce excessive shedding. What\u2019s more, its high palatability makes it easy to incorporate into your daily routine, turning grooming into a simple and enjoyable experience. A pack designed to nourish, protect and improve your pet\u2019s overall wellbeing.<\/p>\n<h3><b>Benefits:<\/b><\/h3>\n<ul>\n<li aria-level=\"1\">Suitable for dogs<\/li>\n<li aria-level=\"1\">Promotes healthy skin and a shiny coat.<\/li>\n<li aria-level=\"1\">Helps reduce hair loss.<\/li>\n<li aria-level=\"1\">Rich in omega-3 and omega-6 fatty acids.<\/li>\n<li aria-level=\"1\">Helps to moisturise and regenerate the skin.<\/li>\n<li aria-level=\"1\">Highly palatable and easy to administer.<\/li>\n<li aria-level=\"1\">Boosts their wellbeing from within.<\/li>\n<\/ul>\n<h3><b>Ingredients:<\/b><\/h3>\n<ul>\n<li aria-level=\"1\"><b>Skin &amp; Coat: Egg yolk powder, oats, corn starch, glucose, cellulose, beef bone meal, flaxseed meal, beef meal, brewer's yeast powder, salmon oil, Omega-3, soy phospholipid oil powder.<\/b><\/li>\n<li aria-level=\"1\" class=\" translation-block\"><b>Freeze-dried salmon:<\/b> 100% freeze-dried salmon<\/li>\n<li aria-level=\"1\" class=\" translation-block\"><b>Salmon oil:<\/b> 100% natural salmon oil.<\/li>\n<\/ul>\n<h3><b>Distinguishing features:<\/b><\/h3>\n<ul>\n<li aria-level=\"1\">Complete functional pack: supplement + oil + snack.<\/li>\n<li aria-level=\"1\">High content of essential fatty acids.<\/li>\n<li aria-level=\"1\">Combination of formats for better absorption and effectiveness.<\/li>\n<li aria-level=\"1\">Freeze-drying preserves nutrients and flavor.<\/li>\n<li aria-level=\"1\">High palatability to facilitate daily consumption.<\/li>\n<\/ul>\n<h3><b>Directions for use \/ Dosage:<\/b><\/h3>\n<ul>\n<li aria-level=\"1\">Administer the Skin &amp; Coat supplement as directed on the packaging.<\/li>\n<li aria-level=\"1\">Add salmon oil to your daily food.<\/li>\n<li aria-level=\"1\">Offer freeze-dried food as a snack or reward.<\/li>\n<li aria-level=\"1\">Always leave fresh water available.<\/li>\n<\/ul>\n<p><b>Format:<\/b><\/p>\n<ul>\n<li aria-level=\"1\"><b>Skin &amp; Coat:<\/b> Bottle of 90 chewables (270 g).<\/li>\n<li aria-level=\"1\" class=\" translation-block\"><b>Freeze-dried salmon:<\/b> 100g container.<\/li>\n<li aria-level=\"1\"><b>250 ml container with dispenser.<\/b><\/li>\n<\/ul>","protected":false},"excerpt":{"rendered":"<p><b>Contents: Skin &amp; Coat (1 unit), Salmon Oil \u2013 250ml and Freeze-dried Salmon (1 unit)<\/b><\/p>","protected":false},"featured_media":5909,"comment_status":"open","ping_status":"closed","template":"","meta":{"_joinchat":[]},"product_brand":[],"product_cat":[198],"product_tag":[],"class_list":{"0":"post-5914","1":"product","2":"type-product","3":"status-publish","4":"has-post-thumbnail","6":"product_cat-packs-ahorro","8":"first","9":"outofstock","10":"sale","11":"taxable","12":"shipping-taxable","13":"purchasable","14":"product-type-woosb"},"yoast_head":"<!-- This site is optimized with the Yoast SEO plugin v27.3 - https:\/\/yoast.com\/product\/yoast-seo-wordpress\/ -->\n<title>Pack Piel y Pelaje para Perros | Quindus Greens<\/title>\n<meta name=\"description\" content=\"Descubre nuestro pack piel y pelaje para perros, con ingredientes funcionales que ayudan a cuidar la piel y mantener un pelaje sano y brillante.\" \/>\n<meta name=\"robots\" content=\"index, follow, max-snippet:-1, max-image-preview:large, max-video-preview:-1\" \/>\n<link rel=\"canonical\" href=\"https:\/\/quindusgreens.com\/en\/product\/pack-piel-y-pelo\/\" \/>\n<meta property=\"og:locale\" content=\"en_GB\" \/>\n<meta property=\"og:type\" content=\"article\" \/>\n<meta property=\"og:title\" content=\"Pack Piel y Pelaje para Perros | Quindus Greens\" \/>\n<meta property=\"og:description\" content=\"Descubre nuestro pack piel y pelaje para perros, con ingredientes funcionales que ayudan a cuidar la piel y mantener un pelaje sano y brillante.\" \/>\n<meta property=\"og:url\" content=\"https:\/\/quindusgreens.com\/en\/product\/pack-piel-y-pelo\/\" \/>\n<meta property=\"og:site_name\" content=\"Quindus Green\" \/>\n<meta property=\"article:modified_time\" content=\"2026-04-20T09:14:07+00:00\" \/>\n<meta property=\"og:image\" content=\"https:\/\/quindusgreens.com\/wp-content\/uploads\/2026\/04\/51.jpg\" \/>\n\t<meta property=\"og:image:width\" content=\"1024\" \/>\n\t<meta property=\"og:image:height\" content=\"1024\" \/>\n\t<meta property=\"og:image:type\" content=\"image\/jpeg\" \/>\n<meta name=\"twitter:card\" content=\"summary_large_image\" \/>\n<meta name=\"twitter:label1\" content=\"Estimated reading time\" \/>\n\t<meta name=\"twitter:data1\" content=\"2 minutes\" \/>\n<script type=\"application\/ld+json\" class=\"yoast-schema-graph\">{\"@context\":\"https:\\\/\\\/schema.org\",\"@graph\":[{\"@type\":\"WebPage\",\"@id\":\"https:\\\/\\\/quindusgreens.com\\\/producto\\\/pack-piel-y-pelo\\\/\",\"url\":\"https:\\\/\\\/quindusgreens.com\\\/producto\\\/pack-piel-y-pelo\\\/\",\"name\":\"Pack Piel y Pelaje para Perros | Quindus Greens\",\"isPartOf\":{\"@id\":\"https:\\\/\\\/quindusgreens.com\\\/#website\"},\"primaryImageOfPage\":{\"@id\":\"https:\\\/\\\/quindusgreens.com\\\/producto\\\/pack-piel-y-pelo\\\/#primaryimage\"},\"image\":{\"@id\":\"https:\\\/\\\/quindusgreens.com\\\/producto\\\/pack-piel-y-pelo\\\/#primaryimage\"},\"thumbnailUrl\":\"https:\\\/\\\/quindusgreens.com\\\/wp-content\\\/uploads\\\/2026\\\/04\\\/51.jpg\",\"datePublished\":\"2026-04-02T09:52:04+00:00\",\"dateModified\":\"2026-04-20T09:14:07+00:00\",\"description\":\"Descubre nuestro pack piel y pelaje para perros, con ingredientes funcionales que ayudan a cuidar la piel y mantener un pelaje sano y brillante.\",\"breadcrumb\":{\"@id\":\"https:\\\/\\\/quindusgreens.com\\\/producto\\\/pack-piel-y-pelo\\\/#breadcrumb\"},\"inLanguage\":\"en-GB\",\"potentialAction\":[{\"@type\":\"ReadAction\",\"target\":[\"https:\\\/\\\/quindusgreens.com\\\/producto\\\/pack-piel-y-pelo\\\/\"]}]},{\"@type\":\"ImageObject\",\"inLanguage\":\"en-GB\",\"@id\":\"https:\\\/\\\/quindusgreens.com\\\/producto\\\/pack-piel-y-pelo\\\/#primaryimage\",\"url\":\"https:\\\/\\\/quindusgreens.com\\\/wp-content\\\/uploads\\\/2026\\\/04\\\/51.jpg\",\"contentUrl\":\"https:\\\/\\\/quindusgreens.com\\\/wp-content\\\/uploads\\\/2026\\\/04\\\/51.jpg\",\"width\":1024,\"height\":1024,\"caption\":\"pack piel y pelaje para perros\"},{\"@type\":\"BreadcrumbList\",\"@id\":\"https:\\\/\\\/quindusgreens.com\\\/producto\\\/pack-piel-y-pelo\\\/#breadcrumb\",\"itemListElement\":[{\"@type\":\"ListItem\",\"position\":1,\"name\":\"Portada\",\"item\":\"https:\\\/\\\/quindusgreens.com\\\/\"},{\"@type\":\"ListItem\",\"position\":2,\"name\":\"Tienda\",\"item\":\"https:\\\/\\\/quindusgreens.com\\\/shop\\\/\"},{\"@type\":\"ListItem\",\"position\":3,\"name\":\"Pack Piel y Pelaje para Perros\"}]},{\"@type\":\"WebSite\",\"@id\":\"https:\\\/\\\/quindusgreens.com\\\/#website\",\"url\":\"https:\\\/\\\/quindusgreens.com\\\/\",\"name\":\"Quindus Green\",\"description\":\"Comida y productos para gatos y perros.\",\"potentialAction\":[{\"@type\":\"SearchAction\",\"target\":{\"@type\":\"EntryPoint\",\"urlTemplate\":\"https:\\\/\\\/quindusgreens.com\\\/?s={search_term_string}\"},\"query-input\":{\"@type\":\"PropertyValueSpecification\",\"valueRequired\":true,\"valueName\":\"search_term_string\"}}],\"inLanguage\":\"en-GB\"}]}<\/script>\n<!-- \/ Yoast SEO plugin. -->","yoast_head_json":{"title":"Pack Piel y Pelaje para Perros | Quindus Greens","description":"Descubre nuestro pack piel y pelaje para perros, con ingredientes funcionales que ayudan a cuidar la piel y mantener un pelaje sano y brillante.","robots":{"index":"index","follow":"follow","max-snippet":"max-snippet:-1","max-image-preview":"max-image-preview:large","max-video-preview":"max-video-preview:-1"},"canonical":"https:\/\/quindusgreens.com\/en\/product\/pack-piel-y-pelo\/","og_locale":"en_GB","og_type":"article","og_title":"Pack Piel y Pelaje para Perros | Quindus Greens","og_description":"Descubre nuestro pack piel y pelaje para perros, con ingredientes funcionales que ayudan a cuidar la piel y mantener un pelaje sano y brillante.","og_url":"https:\/\/quindusgreens.com\/en\/product\/pack-piel-y-pelo\/","og_site_name":"Quindus Green","article_modified_time":"2026-04-20T09:14:07+00:00","og_image":[{"width":1024,"height":1024,"url":"https:\/\/quindusgreens.com\/wp-content\/uploads\/2026\/04\/51.jpg","type":"image\/jpeg"}],"twitter_card":"summary_large_image","twitter_misc":{"Estimated reading time":"2 minutes"},"schema":{"@context":"https:\/\/schema.org","@graph":[{"@type":"WebPage","@id":"https:\/\/quindusgreens.com\/producto\/pack-piel-y-pelo\/","url":"https:\/\/quindusgreens.com\/producto\/pack-piel-y-pelo\/","name":"Pack Piel y Pelaje para Perros | Quindus Greens","isPartOf":{"@id":"https:\/\/quindusgreens.com\/#website"},"primaryImageOfPage":{"@id":"https:\/\/quindusgreens.com\/producto\/pack-piel-y-pelo\/#primaryimage"},"image":{"@id":"https:\/\/quindusgreens.com\/producto\/pack-piel-y-pelo\/#primaryimage"},"thumbnailUrl":"https:\/\/quindusgreens.com\/wp-content\/uploads\/2026\/04\/51.jpg","datePublished":"2026-04-02T09:52:04+00:00","dateModified":"2026-04-20T09:14:07+00:00","description":"Descubre nuestro pack piel y pelaje para perros, con ingredientes funcionales que ayudan a cuidar la piel y mantener un pelaje sano y brillante.","breadcrumb":{"@id":"https:\/\/quindusgreens.com\/producto\/pack-piel-y-pelo\/#breadcrumb"},"inLanguage":"en-GB","potentialAction":[{"@type":"ReadAction","target":["https:\/\/quindusgreens.com\/producto\/pack-piel-y-pelo\/"]}]},{"@type":"ImageObject","inLanguage":"en-GB","@id":"https:\/\/quindusgreens.com\/producto\/pack-piel-y-pelo\/#primaryimage","url":"https:\/\/quindusgreens.com\/wp-content\/uploads\/2026\/04\/51.jpg","contentUrl":"https:\/\/quindusgreens.com\/wp-content\/uploads\/2026\/04\/51.jpg","width":1024,"height":1024,"caption":"pack piel y pelaje para perros"},{"@type":"BreadcrumbList","@id":"https:\/\/quindusgreens.com\/producto\/pack-piel-y-pelo\/#breadcrumb","itemListElement":[{"@type":"ListItem","position":1,"name":"Portada","item":"https:\/\/quindusgreens.com\/"},{"@type":"ListItem","position":2,"name":"Tienda","item":"https:\/\/quindusgreens.com\/shop\/"},{"@type":"ListItem","position":3,"name":"Pack Piel y Pelaje para Perros"}]},{"@type":"WebSite","@id":"https:\/\/quindusgreens.com\/#website","url":"https:\/\/quindusgreens.com\/","name":"Quindus Green","description":"Comida y productos para gatos y perros.","potentialAction":[{"@type":"SearchAction","target":{"@type":"EntryPoint","urlTemplate":"https:\/\/quindusgreens.com\/?s={search_term_string}"},"query-input":{"@type":"PropertyValueSpecification","valueRequired":true,"valueName":"search_term_string"}}],"inLanguage":"en-GB"}]}},"_links":{"self":[{"href":"https:\/\/quindusgreens.com\/en\/wp-json\/wp\/v2\/product\/5914","targetHints":{"allow":["GET"]}}],"collection":[{"href":"https:\/\/quindusgreens.com\/en\/wp-json\/wp\/v2\/product"}],"about":[{"href":"https:\/\/quindusgreens.com\/en\/wp-json\/wp\/v2\/types\/product"}],"replies":[{"embeddable":true,"href":"https:\/\/quindusgreens.com\/en\/wp-json\/wp\/v2\/comments?post=5914"}],"version-history":[{"count":3,"href":"https:\/\/quindusgreens.com\/en\/wp-json\/wp\/v2\/product\/5914\/revisions"}],"predecessor-version":[{"id":6395,"href":"https:\/\/quindusgreens.com\/en\/wp-json\/wp\/v2\/product\/5914\/revisions\/6395"}],"wp:featuredmedia":[{"embeddable":true,"href":"https:\/\/quindusgreens.com\/en\/wp-json\/wp\/v2\/media\/5909"}],"wp:attachment":[{"href":"https:\/\/quindusgreens.com\/en\/wp-json\/wp\/v2\/media?parent=5914"}],"wp:term":[{"taxonomy":"product_brand","embeddable":true,"href":"https:\/\/quindusgreens.com\/en\/wp-json\/wp\/v2\/product_brand?post=5914"},{"taxonomy":"product_cat","embeddable":true,"href":"https:\/\/quindusgreens.com\/en\/wp-json\/wp\/v2\/product_cat?post=5914"},{"taxonomy":"product_tag","embeddable":true,"href":"https:\/\/quindusgreens.com\/en\/wp-json\/wp\/v2\/product_tag?post=5914"}],"curies":[{"name":"wp","href":"https:\/\/api.w.org\/{rel}","templated":true}]}}