{"id":6412,"date":"2026-04-24T12:47:38","date_gmt":"2026-04-24T10:47:38","guid":{"rendered":"https:\/\/quindusgreens.com\/?post_type=product&#038;p=6412"},"modified":"2026-04-24T12:54:32","modified_gmt":"2026-04-24T10:54:32","slug":"pack-del-dia-de-la-madre","status":"publish","type":"product","link":"https:\/\/quindusgreens.com\/en\/product\/pack-del-dia-de-la-madre\/","title":{"rendered":"Mother's Day Pack"},"content":{"rendered":"<p>Contains:<\/p>\n<ul>\n<li aria-level=\"2\">Fish bites x1<\/li>\n<li aria-level=\"2\">Salmon oil 500 ml x 1<\/li>\n<li aria-level=\"2\">Freeze-dried Beef Bites x1<\/li>\n<li aria-level=\"2\">Freeze-dried Chicken Bites x1<\/li>\n<li aria-level=\"2\">Paw balm for dogs and cats x1<\/li>\n<\/ul>","protected":false},"excerpt":{"rendered":"<p class=\" translation-block\">Celebrate Mother\u2019s Day with a special Quindus pack featuring some of our most popular natural snacks. A selection designed to let your pet try different products whilst you take advantage of <b>an exclusive, limited-time offer<\/b>.<br aria-hidden=\"\u2018true\u2019\">Perfect for discovering Quindus quality and treating your four-legged friend to natural, tasty snacks packed with benefits. <br aria-hidden=\"\u2018true\u2019\">Because if your pet is happy\u2026<br aria-hidden=\"\u2018true\u2019\"><b>mum is too.<br>\n<\/b><br aria-hidden=\"\u2018true\u2019\"><b>Offer available until 3 May.<\/b><\/p>","protected":false},"featured_media":6417,"comment_status":"open","ping_status":"closed","template":"","meta":{"_joinchat":[]},"product_brand":[],"product_cat":[198],"product_tag":[],"class_list":{"0":"post-6412","1":"product","2":"type-product","3":"status-publish","4":"has-post-thumbnail","6":"product_cat-packs-ahorro","8":"first","9":"instock","10":"taxable","11":"shipping-taxable","12":"purchasable","13":"product-type-woosb"},"yoast_head":"<!-- This site is optimized with the Yoast SEO plugin v27.4 - https:\/\/yoast.com\/product\/yoast-seo-wordpress\/ -->\n<title>Pack del D\u00eda de la Madre - Quindus Green<\/title>\n<meta name=\"robots\" content=\"index, follow, max-snippet:-1, max-image-preview:large, max-video-preview:-1\" \/>\n<link rel=\"canonical\" href=\"https:\/\/quindusgreens.com\/en\/product\/pack-del-dia-de-la-madre\/\" \/>\n<meta property=\"og:locale\" content=\"en_GB\" \/>\n<meta property=\"og:type\" content=\"article\" \/>\n<meta property=\"og:title\" content=\"Pack del D\u00eda de la Madre - Quindus Green\" \/>\n<meta property=\"og:description\" content=\"Celebra el D\u00eda de la Madre con un pack especial de Quindus que re\u00fane varios de nuestros snacks naturales m\u00e1s queridos. Una selecci\u00f3n pensada para que tu mascota pruebe diferentes productos mientras t\u00fa aprovechas un precio exclusivo por tiempo limitado.Perfecto para descubrir la calidad Quindus y premiar a tu compa\u00f1ero de cuatro patas con snacks naturales, sabrosos y llenos de beneficios.Porque si tu mascota es feliz\u2026la mam\u00e1 tambi\u00e9n lo es. Promoci\u00f3n disponible hasta el 3 de mayo.\" \/>\n<meta property=\"og:url\" content=\"https:\/\/quindusgreens.com\/en\/product\/pack-del-dia-de-la-madre\/\" \/>\n<meta property=\"og:site_name\" content=\"Quindus Green\" \/>\n<meta property=\"article:modified_time\" content=\"2026-04-24T10:54:32+00:00\" \/>\n<meta property=\"og:image\" content=\"https:\/\/quindusgreens.com\/wp-content\/uploads\/2026\/04\/Quindus-packs-17.png\" \/>\n\t<meta property=\"og:image:width\" content=\"1024\" \/>\n\t<meta property=\"og:image:height\" content=\"1024\" \/>\n\t<meta property=\"og:image:type\" content=\"image\/png\" \/>\n<meta name=\"twitter:card\" content=\"summary_large_image\" \/>\n<meta name=\"twitter:label1\" content=\"Estimated reading time\" \/>\n\t<meta name=\"twitter:data1\" content=\"1 minute\" \/>\n<script type=\"application\/ld+json\" class=\"yoast-schema-graph\">{\"@context\":\"https:\\\/\\\/schema.org\",\"@graph\":[{\"@type\":\"WebPage\",\"@id\":\"https:\\\/\\\/quindusgreens.com\\\/producto\\\/pack-del-dia-de-la-madre\\\/\",\"url\":\"https:\\\/\\\/quindusgreens.com\\\/producto\\\/pack-del-dia-de-la-madre\\\/\",\"name\":\"Pack del D\u00eda de la Madre - Quindus Green\",\"isPartOf\":{\"@id\":\"https:\\\/\\\/quindusgreens.com\\\/#website\"},\"primaryImageOfPage\":{\"@id\":\"https:\\\/\\\/quindusgreens.com\\\/producto\\\/pack-del-dia-de-la-madre\\\/#primaryimage\"},\"image\":{\"@id\":\"https:\\\/\\\/quindusgreens.com\\\/producto\\\/pack-del-dia-de-la-madre\\\/#primaryimage\"},\"thumbnailUrl\":\"https:\\\/\\\/quindusgreens.com\\\/wp-content\\\/uploads\\\/2026\\\/04\\\/Quindus-packs-17.png\",\"datePublished\":\"2026-04-24T10:47:38+00:00\",\"dateModified\":\"2026-04-24T10:54:32+00:00\",\"breadcrumb\":{\"@id\":\"https:\\\/\\\/quindusgreens.com\\\/producto\\\/pack-del-dia-de-la-madre\\\/#breadcrumb\"},\"inLanguage\":\"en-GB\",\"potentialAction\":[{\"@type\":\"ReadAction\",\"target\":[\"https:\\\/\\\/quindusgreens.com\\\/producto\\\/pack-del-dia-de-la-madre\\\/\"]}]},{\"@type\":\"ImageObject\",\"inLanguage\":\"en-GB\",\"@id\":\"https:\\\/\\\/quindusgreens.com\\\/producto\\\/pack-del-dia-de-la-madre\\\/#primaryimage\",\"url\":\"https:\\\/\\\/quindusgreens.com\\\/wp-content\\\/uploads\\\/2026\\\/04\\\/Quindus-packs-17.png\",\"contentUrl\":\"https:\\\/\\\/quindusgreens.com\\\/wp-content\\\/uploads\\\/2026\\\/04\\\/Quindus-packs-17.png\",\"width\":1024,\"height\":1024},{\"@type\":\"BreadcrumbList\",\"@id\":\"https:\\\/\\\/quindusgreens.com\\\/producto\\\/pack-del-dia-de-la-madre\\\/#breadcrumb\",\"itemListElement\":[{\"@type\":\"ListItem\",\"position\":1,\"name\":\"Portada\",\"item\":\"https:\\\/\\\/quindusgreens.com\\\/\"},{\"@type\":\"ListItem\",\"position\":2,\"name\":\"Tienda\",\"item\":\"https:\\\/\\\/quindusgreens.com\\\/shop\\\/\"},{\"@type\":\"ListItem\",\"position\":3,\"name\":\"Pack del D\u00eda de la Madre\"}]},{\"@type\":\"WebSite\",\"@id\":\"https:\\\/\\\/quindusgreens.com\\\/#website\",\"url\":\"https:\\\/\\\/quindusgreens.com\\\/\",\"name\":\"Quindus Green\",\"description\":\"Comida y productos para gatos y perros.\",\"potentialAction\":[{\"@type\":\"SearchAction\",\"target\":{\"@type\":\"EntryPoint\",\"urlTemplate\":\"https:\\\/\\\/quindusgreens.com\\\/?s={search_term_string}\"},\"query-input\":{\"@type\":\"PropertyValueSpecification\",\"valueRequired\":true,\"valueName\":\"search_term_string\"}}],\"inLanguage\":\"en-GB\"}]}<\/script>\n<!-- \/ Yoast SEO plugin. -->","yoast_head_json":{"title":"Pack del D\u00eda de la Madre - Quindus Green","robots":{"index":"index","follow":"follow","max-snippet":"max-snippet:-1","max-image-preview":"max-image-preview:large","max-video-preview":"max-video-preview:-1"},"canonical":"https:\/\/quindusgreens.com\/en\/product\/pack-del-dia-de-la-madre\/","og_locale":"en_GB","og_type":"article","og_title":"Pack del D\u00eda de la Madre - Quindus Green","og_description":"Celebra el D\u00eda de la Madre con un pack especial de Quindus que re\u00fane varios de nuestros snacks naturales m\u00e1s queridos. Una selecci\u00f3n pensada para que tu mascota pruebe diferentes productos mientras t\u00fa aprovechas un precio exclusivo por tiempo limitado.Perfecto para descubrir la calidad Quindus y premiar a tu compa\u00f1ero de cuatro patas con snacks naturales, sabrosos y llenos de beneficios.Porque si tu mascota es feliz\u2026la mam\u00e1 tambi\u00e9n lo es. Promoci\u00f3n disponible hasta el 3 de mayo.","og_url":"https:\/\/quindusgreens.com\/en\/product\/pack-del-dia-de-la-madre\/","og_site_name":"Quindus Green","article_modified_time":"2026-04-24T10:54:32+00:00","og_image":[{"width":1024,"height":1024,"url":"https:\/\/quindusgreens.com\/wp-content\/uploads\/2026\/04\/Quindus-packs-17.png","type":"image\/png"}],"twitter_card":"summary_large_image","twitter_misc":{"Estimated reading time":"1 minute"},"schema":{"@context":"https:\/\/schema.org","@graph":[{"@type":"WebPage","@id":"https:\/\/quindusgreens.com\/producto\/pack-del-dia-de-la-madre\/","url":"https:\/\/quindusgreens.com\/producto\/pack-del-dia-de-la-madre\/","name":"Pack del D\u00eda de la Madre - Quindus Green","isPartOf":{"@id":"https:\/\/quindusgreens.com\/#website"},"primaryImageOfPage":{"@id":"https:\/\/quindusgreens.com\/producto\/pack-del-dia-de-la-madre\/#primaryimage"},"image":{"@id":"https:\/\/quindusgreens.com\/producto\/pack-del-dia-de-la-madre\/#primaryimage"},"thumbnailUrl":"https:\/\/quindusgreens.com\/wp-content\/uploads\/2026\/04\/Quindus-packs-17.png","datePublished":"2026-04-24T10:47:38+00:00","dateModified":"2026-04-24T10:54:32+00:00","breadcrumb":{"@id":"https:\/\/quindusgreens.com\/producto\/pack-del-dia-de-la-madre\/#breadcrumb"},"inLanguage":"en-GB","potentialAction":[{"@type":"ReadAction","target":["https:\/\/quindusgreens.com\/producto\/pack-del-dia-de-la-madre\/"]}]},{"@type":"ImageObject","inLanguage":"en-GB","@id":"https:\/\/quindusgreens.com\/producto\/pack-del-dia-de-la-madre\/#primaryimage","url":"https:\/\/quindusgreens.com\/wp-content\/uploads\/2026\/04\/Quindus-packs-17.png","contentUrl":"https:\/\/quindusgreens.com\/wp-content\/uploads\/2026\/04\/Quindus-packs-17.png","width":1024,"height":1024},{"@type":"BreadcrumbList","@id":"https:\/\/quindusgreens.com\/producto\/pack-del-dia-de-la-madre\/#breadcrumb","itemListElement":[{"@type":"ListItem","position":1,"name":"Portada","item":"https:\/\/quindusgreens.com\/"},{"@type":"ListItem","position":2,"name":"Tienda","item":"https:\/\/quindusgreens.com\/shop\/"},{"@type":"ListItem","position":3,"name":"Pack del D\u00eda de la Madre"}]},{"@type":"WebSite","@id":"https:\/\/quindusgreens.com\/#website","url":"https:\/\/quindusgreens.com\/","name":"Quindus Green","description":"Comida y productos para gatos y perros.","potentialAction":[{"@type":"SearchAction","target":{"@type":"EntryPoint","urlTemplate":"https:\/\/quindusgreens.com\/?s={search_term_string}"},"query-input":{"@type":"PropertyValueSpecification","valueRequired":true,"valueName":"search_term_string"}}],"inLanguage":"en-GB"}]}},"_links":{"self":[{"href":"https:\/\/quindusgreens.com\/en\/wp-json\/wp\/v2\/product\/6412","targetHints":{"allow":["GET"]}}],"collection":[{"href":"https:\/\/quindusgreens.com\/en\/wp-json\/wp\/v2\/product"}],"about":[{"href":"https:\/\/quindusgreens.com\/en\/wp-json\/wp\/v2\/types\/product"}],"replies":[{"embeddable":true,"href":"https:\/\/quindusgreens.com\/en\/wp-json\/wp\/v2\/comments?post=6412"}],"version-history":[{"count":2,"href":"https:\/\/quindusgreens.com\/en\/wp-json\/wp\/v2\/product\/6412\/revisions"}],"predecessor-version":[{"id":6415,"href":"https:\/\/quindusgreens.com\/en\/wp-json\/wp\/v2\/product\/6412\/revisions\/6415"}],"wp:featuredmedia":[{"embeddable":true,"href":"https:\/\/quindusgreens.com\/en\/wp-json\/wp\/v2\/media\/6417"}],"wp:attachment":[{"href":"https:\/\/quindusgreens.com\/en\/wp-json\/wp\/v2\/media?parent=6412"}],"wp:term":[{"taxonomy":"product_brand","embeddable":true,"href":"https:\/\/quindusgreens.com\/en\/wp-json\/wp\/v2\/product_brand?post=6412"},{"taxonomy":"product_cat","embeddable":true,"href":"https:\/\/quindusgreens.com\/en\/wp-json\/wp\/v2\/product_cat?post=6412"},{"taxonomy":"product_tag","embeddable":true,"href":"https:\/\/quindusgreens.com\/en\/wp-json\/wp\/v2\/product_tag?post=6412"}],"curies":[{"name":"wp","href":"https:\/\/api.w.org\/{rel}","templated":true}]}}